{"id":20237,"date":"2024-11-04T18:17:02","date_gmt":"2024-11-04T18:17:02","guid":{"rendered":"http:\/\/luu.rs\/?page_id=20237"},"modified":"2025-11-05T01:43:09","modified_gmt":"2025-11-05T00:43:09","slug":"sports-and-recreation","status":"publish","type":"page","link":"https:\/\/luu.rs\/en\/areas-of-use\/sports-and-recreation\/","title":{"rendered":"Sports and recreation"},"content":{"rendered":"\t\t<div data-elementor-type=\"wp-page\" data-elementor-id=\"20237\" class=\"elementor elementor-20237\" data-elementor-post-type=\"page\">\n\t\t\t\t<div class=\"elementor-element elementor-element-7431e1b e-flex e-con-boxed e-con e-parent\" data-id=\"7431e1b\" data-element_type=\"container\">\n\t\t\t\t\t<div class=\"e-con-inner\">\n\t\t<div class=\"elementor-element elementor-element-727ee91 e-con-full e-flex e-con e-child\" data-id=\"727ee91\" data-element_type=\"container\">\n\t\t\t\t<div class=\"elementor-element elementor-element-884ab70 elementor-widget elementor-widget-text-editor\" data-id=\"884ab70\" data-element_type=\"widget\" data-widget_type=\"text-editor.default\">\n\t\t\t\t<div class=\"elementor-widget-container\">\n\t\t\t\t\t\t\t\t\t<p>Sport and recreation have a transformative power over individuals and society as a whole, because they positively reshape lives. These activities support social and economic progress building a healthier, more successful, and happier nation.<\/p><h2>Sport and Recreation<\/h2><p>In the Republic of Serbia there are numerous sports centers (gyms, tennis and football fields, swimming pools, etc.), as well as oases for rehabilitation, relaxation, and enjoyment (thermal spas, spa and wellness centers). Their goals include the healthy development of children and youth, as well as recovery, fitness maintenance, and psychophysical relaxation and well-being for the elderly.<\/p><p>To meet all user needs and ambitions, modern facilities of this kind follow global trends in fit-out. In that sense, they focus on improving every aspect of the user environment and experience especially those related to personal hygiene.<\/p><p>Only a comprehensive, interconnected, and well-coordinated sport &amp; recreation sector can be both prosperous and sustainable in the long term.<\/p><h3>Relying on LUU Bathroom and Restroom Products<\/h3><p>Sport and recreation are, at their core, a game for life both preventive and curative. In both arenas, LUU products that support restroom cleanliness and visitors\u2019 <a href=\"https:\/\/invekta.rs\/en\/maintaining-hygiene\/\">personal hygiene<\/a> are of paramount importance.<\/p><p>They help prevent infections caused by bacteria and viruses and reduce the spread of existing infectious diseases. Moreover, they play a meaningful role in treatment environments as well.<\/p><p>Sport and recreation have a transformative power over individuals and society as a whole because they change lives for the better.<\/p><p><img fetchpriority=\"high\" decoding=\"async\" class=\"alignnone size-full wp-image-21487\" src=\"https:\/\/luu.rs\/wp-content\/uploads\/2025\/03\/Sport-i-rekreacija.jpg\" alt=\"Sport i rekreacija\u00a0imaju transformativnu mo\u0107 nad pojedincima i dru\u0161tvom u celini jer pozitivno modifikuju \u017eivote.\" width=\"1000\" height=\"667\" srcset=\"https:\/\/luu.rs\/en\/wp-content\/uploads\/2025\/03\/Sport-i-rekreacija.jpg 1000w, https:\/\/luu.rs\/en\/wp-content\/uploads\/2025\/03\/Sport-i-rekreacija-500x334.jpg 500w, https:\/\/luu.rs\/en\/wp-content\/uploads\/2025\/03\/Sport-i-rekreacija-800x534.jpg 800w, https:\/\/luu.rs\/en\/wp-content\/uploads\/2025\/03\/Sport-i-rekreacija-300x200.jpg 300w, https:\/\/luu.rs\/en\/wp-content\/uploads\/2025\/03\/Sport-i-rekreacija-768x512.jpg 768w, https:\/\/luu.rs\/en\/wp-content\/uploads\/2025\/03\/Sport-i-rekreacija-18x12.jpg 18w\" sizes=\"(max-width: 1000px) 100vw, 1000px\" \/><\/p><p>Within the <a href=\"https:\/\/luu.rs\/en\/shop\/\">LUU catalogue<\/a> of Italian-designed and manufactured products, you\u2019ll find everything today\u2019s bathrooms and restrooms in sports and recreation centers can\u2019t do without:<\/p><ul><li>paper towel dispensers (C\/Z-fold, roll, center-pull, autocut\/self-cutting);<\/li><li>toilet paper dispensers (sheets, rolls);<\/li><li>hand-hygiene dispensers (liquid soap, foam soap, sanitizing liquids and gels);<\/li><li>DUO units for paper towels and liquid soap;<\/li><li>holders for paper toilet-seat covers;<\/li><li>toilet brushes;<\/li><li>waste bins;<\/li><li>air fresheners.<\/li><\/ul><p>Each facility can choose the products that best match its operating concept and interior. And the selection is truly rich both across product types and colorways.<\/p><p>Sophisticated lines, smooth or textured surfaces, and finishes that suit every contemporary restroom:<\/p><ul><li>Blanc (white; glossy, smooth finish)<\/li><li>Nero (black; glossy, smooth finish)<\/li><li>Rock (stone; matte, lightly grained finish)<\/li><li>Ramel (sand; matte, lightly grained finish)<\/li><\/ul><p>The choice is yours!<\/p><p>LUU accessories modernize and transform restroom spaces even when the need for innovation and upgrades stretches beyond the planned budget.<\/p>\t\t\t\t\t\t\t\t<\/div>\n\t\t\t\t<\/div>\n\t\t\t\t<\/div>\n\t\t<div class=\"elementor-element elementor-element-dae801b e-con-full e-flex e-con e-child\" data-id=\"dae801b\" data-element_type=\"container\">\n\t\t\t\t<div class=\"elementor-element elementor-element-728908a elementor-widget elementor-widget-sidebar\" data-id=\"728908a\" data-element_type=\"widget\" data-widget_type=\"sidebar.default\">\n\t\t\t\t<div class=\"elementor-widget-container\">\n\t\t\t\t\t<div id=\"text-2\" class=\"widget widget_text\"><span class=\"gamma widget-title\">Areas of use<\/span><div class=\"widget-content\">\t\t\t<div class=\"textwidget\"><ul>\n<li><a href=\"https:\/\/luu.rs\/en\/areas-of-use\/hospitality\/\">Hospitality<\/a><\/li>\n<li><a href=\"https:\/\/luu.rs\/en\/areas-of-use\/business\/\">Business<\/a><\/li>\n<li><a href=\"https:\/\/luu.rs\/en\/areas-of-use\/shopping-malls\/\">Shopping malls<\/a><\/li>\n<li><a href=\"https:\/\/luu.rs\/en\/areas-of-use\/geriatrics\/\">Geriatrics<\/a><\/li>\n<li><a href=\"https:\/\/luu.rs\/en\/areas-of-use\/industry\/\">Industry<\/a><\/li>\n<li><a href=\"https:\/\/luu.rs\/en\/areas-of-use\/public-spaces\/\">Public spaces<\/a><\/li>\n<li><a href=\"https:\/\/luu.rs\/en\/areas-of-use\/medicine\/\">Medicine<\/a><\/li>\n<li><a href=\"https:\/\/luu.rs\/en\/areas-of-use\/transportation\/\">Transportation<\/a><\/li>\n<li><a href=\"https:\/\/luu.rs\/en\/areas-of-use\/education\/\">Education<\/a><\/li>\n<li><a href=\"https:\/\/luu.rs\/en\/areas-of-use\/sports-and-recreation\/\">Sports and recreation<\/a><\/li>\n<li><a href=\"https:\/\/luu.rs\/en\/areas-of-use\/residential-complexes\/\">Residential complexes<\/a><\/li>\n<\/ul>\n<p>&nbsp;<\/p>\n<\/div>\n\t\t<\/div><\/div><div id=\"block-7\" class=\"widget widget_block\">\t\t<div data-elementor-type=\"section\" data-elementor-id=\"1885\" class=\"elementor elementor-1885\" data-elementor-post-type=\"elementor_library\">\n\t\t\t<div class=\"elementor-element elementor-element-3fb2fd3 e-flex e-con-boxed e-con e-parent\" data-id=\"3fb2fd3\" data-element_type=\"container\">\n\t\t\t\t\t<div class=\"e-con-inner\">\n\t\t<div class=\"elementor-element elementor-element-0c9d8b4 e-flex e-con-boxed e-con e-child\" data-id=\"0c9d8b4\" data-element_type=\"container\" data-settings=\"{&quot;background_background&quot;:&quot;classic&quot;}\">\n\t\t\t\t\t<div class=\"e-con-inner\">\n\t\t\t\t<div class=\"elementor-element elementor-element-c29be3f elementor-widget__width-auto elementor-widget elementor-widget-site-logo\" data-id=\"c29be3f\" data-element_type=\"widget\" data-settings=\"{&quot;align&quot;:&quot;center&quot;,&quot;width&quot;:{&quot;unit&quot;:&quot;%&quot;,&quot;size&quot;:&quot;&quot;,&quot;sizes&quot;:[]},&quot;width_laptop&quot;:{&quot;unit&quot;:&quot;px&quot;,&quot;size&quot;:&quot;&quot;,&quot;sizes&quot;:[]},&quot;width_tablet_extra&quot;:{&quot;unit&quot;:&quot;px&quot;,&quot;size&quot;:&quot;&quot;,&quot;sizes&quot;:[]},&quot;width_tablet&quot;:{&quot;unit&quot;:&quot;%&quot;,&quot;size&quot;:&quot;&quot;,&quot;sizes&quot;:[]},&quot;width_mobile_extra&quot;:{&quot;unit&quot;:&quot;px&quot;,&quot;size&quot;:&quot;&quot;,&quot;sizes&quot;:[]},&quot;width_mobile&quot;:{&quot;unit&quot;:&quot;%&quot;,&quot;size&quot;:&quot;&quot;,&quot;sizes&quot;:[]},&quot;space&quot;:{&quot;unit&quot;:&quot;%&quot;,&quot;size&quot;:&quot;&quot;,&quot;sizes&quot;:[]},&quot;space_laptop&quot;:{&quot;unit&quot;:&quot;px&quot;,&quot;size&quot;:&quot;&quot;,&quot;sizes&quot;:[]},&quot;space_tablet_extra&quot;:{&quot;unit&quot;:&quot;px&quot;,&quot;size&quot;:&quot;&quot;,&quot;sizes&quot;:[]},&quot;space_tablet&quot;:{&quot;unit&quot;:&quot;%&quot;,&quot;size&quot;:&quot;&quot;,&quot;sizes&quot;:[]},&quot;space_mobile_extra&quot;:{&quot;unit&quot;:&quot;px&quot;,&quot;size&quot;:&quot;&quot;,&quot;sizes&quot;:[]},&quot;space_mobile&quot;:{&quot;unit&quot;:&quot;%&quot;,&quot;size&quot;:&quot;&quot;,&quot;sizes&quot;:[]},&quot;image_border_radius&quot;:{&quot;unit&quot;:&quot;px&quot;,&quot;top&quot;:&quot;&quot;,&quot;right&quot;:&quot;&quot;,&quot;bottom&quot;:&quot;&quot;,&quot;left&quot;:&quot;&quot;,&quot;isLinked&quot;:true},&quot;image_border_radius_laptop&quot;:{&quot;unit&quot;:&quot;px&quot;,&quot;top&quot;:&quot;&quot;,&quot;right&quot;:&quot;&quot;,&quot;bottom&quot;:&quot;&quot;,&quot;left&quot;:&quot;&quot;,&quot;isLinked&quot;:true},&quot;image_border_radius_tablet_extra&quot;:{&quot;unit&quot;:&quot;px&quot;,&quot;top&quot;:&quot;&quot;,&quot;right&quot;:&quot;&quot;,&quot;bottom&quot;:&quot;&quot;,&quot;left&quot;:&quot;&quot;,&quot;isLinked&quot;:true},&quot;image_border_radius_tablet&quot;:{&quot;unit&quot;:&quot;px&quot;,&quot;top&quot;:&quot;&quot;,&quot;right&quot;:&quot;&quot;,&quot;bottom&quot;:&quot;&quot;,&quot;left&quot;:&quot;&quot;,&quot;isLinked&quot;:true},&quot;image_border_radius_mobile_extra&quot;:{&quot;unit&quot;:&quot;px&quot;,&quot;top&quot;:&quot;&quot;,&quot;right&quot;:&quot;&quot;,&quot;bottom&quot;:&quot;&quot;,&quot;left&quot;:&quot;&quot;,&quot;isLinked&quot;:true},&quot;image_border_radius_mobile&quot;:{&quot;unit&quot;:&quot;px&quot;,&quot;top&quot;:&quot;&quot;,&quot;right&quot;:&quot;&quot;,&quot;bottom&quot;:&quot;&quot;,&quot;left&quot;:&quot;&quot;,&quot;isLinked&quot;:true},&quot;caption_padding&quot;:{&quot;unit&quot;:&quot;px&quot;,&quot;top&quot;:&quot;&quot;,&quot;right&quot;:&quot;&quot;,&quot;bottom&quot;:&quot;&quot;,&quot;left&quot;:&quot;&quot;,&quot;isLinked&quot;:true},&quot;caption_padding_laptop&quot;:{&quot;unit&quot;:&quot;px&quot;,&quot;top&quot;:&quot;&quot;,&quot;right&quot;:&quot;&quot;,&quot;bottom&quot;:&quot;&quot;,&quot;left&quot;:&quot;&quot;,&quot;isLinked&quot;:true},&quot;caption_padding_tablet_extra&quot;:{&quot;unit&quot;:&quot;px&quot;,&quot;top&quot;:&quot;&quot;,&quot;right&quot;:&quot;&quot;,&quot;bottom&quot;:&quot;&quot;,&quot;left&quot;:&quot;&quot;,&quot;isLinked&quot;:true},&quot;caption_padding_tablet&quot;:{&quot;unit&quot;:&quot;px&quot;,&quot;top&quot;:&quot;&quot;,&quot;right&quot;:&quot;&quot;,&quot;bottom&quot;:&quot;&quot;,&quot;left&quot;:&quot;&quot;,&quot;isLinked&quot;:true},&quot;caption_padding_mobile_extra&quot;:{&quot;unit&quot;:&quot;px&quot;,&quot;top&quot;:&quot;&quot;,&quot;right&quot;:&quot;&quot;,&quot;bottom&quot;:&quot;&quot;,&quot;left&quot;:&quot;&quot;,&quot;isLinked&quot;:true},&quot;caption_padding_mobile&quot;:{&quot;unit&quot;:&quot;px&quot;,&quot;top&quot;:&quot;&quot;,&quot;right&quot;:&quot;&quot;,&quot;bottom&quot;:&quot;&quot;,&quot;left&quot;:&quot;&quot;,&quot;isLinked&quot;:true},&quot;caption_space&quot;:{&quot;unit&quot;:&quot;px&quot;,&quot;size&quot;:0,&quot;sizes&quot;:[]},&quot;caption_space_laptop&quot;:{&quot;unit&quot;:&quot;px&quot;,&quot;size&quot;:&quot;&quot;,&quot;sizes&quot;:[]},&quot;caption_space_tablet_extra&quot;:{&quot;unit&quot;:&quot;px&quot;,&quot;size&quot;:&quot;&quot;,&quot;sizes&quot;:[]},&quot;caption_space_tablet&quot;:{&quot;unit&quot;:&quot;px&quot;,&quot;size&quot;:&quot;&quot;,&quot;sizes&quot;:[]},&quot;caption_space_mobile_extra&quot;:{&quot;unit&quot;:&quot;px&quot;,&quot;size&quot;:&quot;&quot;,&quot;sizes&quot;:[]},&quot;caption_space_mobile&quot;:{&quot;unit&quot;:&quot;px&quot;,&quot;size&quot;:&quot;&quot;,&quot;sizes&quot;:[]}}\" data-widget_type=\"site-logo.default\">\n\t\t\t\t<div class=\"elementor-widget-container\">\n\t\t\t\t\t\t\t<div class=\"hfe-site-logo\">\n\t\t\t\t\t\t\t\t\t\t\t\t\t<a data-elementor-open-lightbox=\"\"  class='elementor-clickable' href=\"https:\/\/luu.rs\/en\">\n\t\t\t\t\t\t\t<div class=\"hfe-site-logo-set\">           \n\t\t\t\t<div class=\"hfe-site-logo-container\">\n\t\t\t\t\t\t\t\t\t<img decoding=\"async\" class=\"hfe-site-logo-img elementor-animation-\"  src=\"https:\/\/luu.rs\/en\/wp-content\/uploads\/2023\/03\/Logo-Luu.png\" alt=\"Logo Luu\"\/>\n\t\t\t\t<\/div>\n\t\t\t<\/div>\n\t\t\t\t\t\t\t<\/a>\n\t\t\t\t\t\t<\/div>  \n\t\t\t\t\t\t\t<\/div>\n\t\t\t\t<\/div>\n\t\t<div class=\"elementor-element elementor-element-7df416d e-flex e-con-boxed e-con e-child\" data-id=\"7df416d\" data-element_type=\"container\">\n\t\t\t\t\t<div class=\"e-con-inner\">\n\t\t\t\t<div class=\"elementor-element elementor-element-488e467 elementor-widget elementor-widget-text-editor\" data-id=\"488e467\" data-element_type=\"widget\" data-widget_type=\"text-editor.default\">\n\t\t\t\t<div class=\"elementor-widget-container\">\n\t\t\t\t\t\t\t\t\t<p>Call us<\/p>\t\t\t\t\t\t\t\t<\/div>\n\t\t\t\t<\/div>\n\t\t\t\t<div class=\"elementor-element elementor-element-d1d9c1d elementor-widget elementor-widget-text-editor\" data-id=\"d1d9c1d\" data-element_type=\"widget\" data-widget_type=\"text-editor.default\">\n\t\t\t\t<div class=\"elementor-widget-container\">\n\t\t\t\t\t\t\t\t\t<p><span style=\"color: #ffffff;\"><a style=\"color: #ffffff;\" href=\"tel:+381668118382\">+381 66 811 83 82<\/a><\/span><\/p>\t\t\t\t\t\t\t\t<\/div>\n\t\t\t\t<\/div>\n\t\t\t\t<div class=\"elementor-element elementor-element-8bd0541 elementor-align-center elementor-button-default elementor-widget elementor-widget-button\" data-id=\"8bd0541\" data-element_type=\"widget\" data-widget_type=\"button.default\">\n\t\t\t\t<div class=\"elementor-widget-container\">\n\t\t\t\t\t\t\t\t\t<div class=\"elementor-button-wrapper\">\n\t\t\t\t\t<a class=\"elementor-button elementor-button-link elementor-size-sm\" href=\"https:\/\/luu.rs\/en\/shop\/\">\n\t\t\t\t\t\t<span class=\"elementor-button-content-wrapper\">\n\t\t\t\t\t\t<span class=\"elementor-button-icon\">\n\t\t\t\t<i aria-hidden=\"true\" class=\"hnice-icon- hnice-icon-right-arrow\"><\/i>\t\t\t<\/span>\n\t\t\t\t\t\t\t\t\t<span class=\"elementor-button-text\">Products <\/span>\n\t\t\t\t\t<\/span>\n\t\t\t\t\t<\/a>\n\t\t\t\t<\/div>\n\t\t\t\t\t\t\t\t<\/div>\n\t\t\t\t<\/div>\n\t\t\t\t\t<\/div>\n\t\t\t\t<\/div>\n\t\t\t\t\t<\/div>\n\t\t\t\t<\/div>\n\t\t\t\t\t<\/div>\n\t\t\t\t<\/div>\n\t\t\t\t<\/div>\n\t\t<\/div>\t\t\t\t<\/div>\n\t\t\t\t<\/div>\n\t\t\t\t<\/div>\n\t\t\t\t\t<\/div>\n\t\t\t\t<\/div>\n\t\t\t\t<\/div>\n\t\t","protected":false},"excerpt":{"rendered":"<p>Sport and recreation have a transformative power over individuals and society as a whole, because they positively reshape lives. These activities support social and economic progress building a healthier, more successful, and happier nation. Sport and Recreation In the Republic of Serbia there are numerous sports centers (gyms, tennis and football fields, swimming pools, etc.), [&hellip;]<\/p>\n","protected":false},"author":1,"featured_media":21487,"parent":20219,"menu_order":0,"comment_status":"closed","ping_status":"closed","template":"","meta":{"inline_featured_image":false,"footnotes":""},"class_list":["post-20237","page","type-page","status-publish","has-post-thumbnail","hentry"],"yoast_head":"<!-- This site is optimized with the Yoast SEO plugin v26.1.1 - https:\/\/yoast.com\/wordpress\/plugins\/seo\/ -->\n<title>Sports and recreation || LUU<\/title>\n<meta name=\"description\" content=\"Sports and recreation have a transformative power over individuals and society as a whole, as they positively modify lives. These ...\" \/>\n<meta name=\"robots\" content=\"index, follow, max-snippet:-1, max-image-preview:large, max-video-preview:-1\" \/>\n<link rel=\"canonical\" href=\"https:\/\/luu.rs\/en\/areas-of-use\/sports-and-recreation\/\" \/>\n<meta property=\"og:locale\" content=\"en_US\" \/>\n<meta property=\"og:type\" content=\"article\" \/>\n<meta property=\"og:title\" content=\"Sports and recreation || LUU\" \/>\n<meta property=\"og:description\" content=\"Sports and recreation have a transformative power over individuals and society as a whole, as they positively modify lives. These ...\" \/>\n<meta property=\"og:url\" content=\"https:\/\/luu.rs\/en\/areas-of-use\/sports-and-recreation\/\" \/>\n<meta property=\"og:site_name\" content=\"Luu\" \/>\n<meta property=\"article:publisher\" content=\"https:\/\/www.facebook.com\/people\/Luu\/61573057270798\/\" \/>\n<meta property=\"article:modified_time\" content=\"2025-11-05T00:43:09+00:00\" \/>\n<meta property=\"og:image\" content=\"https:\/\/luu.rs\/en\/wp-content\/uploads\/2025\/03\/Sport-i-rekreacija.jpg\" \/>\n\t<meta property=\"og:image:width\" content=\"1000\" \/>\n\t<meta property=\"og:image:height\" content=\"667\" \/>\n\t<meta property=\"og:image:type\" content=\"image\/jpeg\" \/>\n<meta name=\"twitter:card\" content=\"summary_large_image\" \/>\n<meta name=\"twitter:label1\" content=\"Est. reading time\" \/>\n\t<meta name=\"twitter:data1\" content=\"3 minutes\" \/>\n<!-- \/ Yoast SEO plugin. -->","yoast_head_json":{"title":"Sports and recreation || LUU","description":"Sports and recreation have a transformative power over individuals and society as a whole, as they positively modify lives. These ...","robots":{"index":"index","follow":"follow","max-snippet":"max-snippet:-1","max-image-preview":"max-image-preview:large","max-video-preview":"max-video-preview:-1"},"canonical":"https:\/\/luu.rs\/en\/areas-of-use\/sports-and-recreation\/","og_locale":"en_US","og_type":"article","og_title":"Sports and recreation || LUU","og_description":"Sports and recreation have a transformative power over individuals and society as a whole, as they positively modify lives. These ...","og_url":"https:\/\/luu.rs\/en\/areas-of-use\/sports-and-recreation\/","og_site_name":"Luu","article_publisher":"https:\/\/www.facebook.com\/people\/Luu\/61573057270798\/","article_modified_time":"2025-11-05T00:43:09+00:00","og_image":[{"width":1000,"height":667,"url":"https:\/\/luu.rs\/en\/wp-content\/uploads\/2025\/03\/Sport-i-rekreacija.jpg","type":"image\/jpeg"}],"twitter_card":"summary_large_image","twitter_misc":{"Est. reading time":"3 minutes"},"schema":{"@context":"https:\/\/schema.org","@graph":[{"@type":"WebPage","@id":"https:\/\/luu.rs\/en\/areas-of-use\/sports-and-recreation\/","url":"https:\/\/luu.rs\/en\/areas-of-use\/sports-and-recreation\/","name":"Sports and recreation || LUU","isPartOf":{"@id":"https:\/\/luu.rs\/en\/#website"},"primaryImageOfPage":{"@id":"https:\/\/luu.rs\/en\/areas-of-use\/sports-and-recreation\/#primaryimage"},"image":{"@id":"https:\/\/luu.rs\/en\/areas-of-use\/sports-and-recreation\/#primaryimage"},"thumbnailUrl":"https:\/\/luu.rs\/en\/wp-content\/uploads\/2025\/03\/Sport-i-rekreacija.jpg","datePublished":"2024-11-04T18:17:02+00:00","dateModified":"2025-11-05T00:43:09+00:00","description":"Sports and recreation have a transformative power over individuals and society as a whole, as they positively modify lives. These ...","breadcrumb":{"@id":"https:\/\/luu.rs\/en\/areas-of-use\/sports-and-recreation\/#breadcrumb"},"inLanguage":"en-US","potentialAction":[{"@type":"ReadAction","target":["https:\/\/luu.rs\/en\/areas-of-use\/sports-and-recreation\/"]}]},{"@type":"ImageObject","inLanguage":"en-US","@id":"https:\/\/luu.rs\/en\/areas-of-use\/sports-and-recreation\/#primaryimage","url":"https:\/\/luu.rs\/en\/wp-content\/uploads\/2025\/03\/Sport-i-rekreacija.jpg","contentUrl":"https:\/\/luu.rs\/en\/wp-content\/uploads\/2025\/03\/Sport-i-rekreacija.jpg","width":1000,"height":667,"caption":"Sports and recreation have a transformative power over individuals and society as a whole, as they positively modify lives."},{"@type":"BreadcrumbList","@id":"https:\/\/luu.rs\/en\/areas-of-use\/sports-and-recreation\/#breadcrumb","itemListElement":[{"@type":"ListItem","position":1,"name":"Home","item":"https:\/\/luu.rs\/en\/"},{"@type":"ListItem","position":2,"name":"Areas of use","item":"https:\/\/luu.rs\/en\/areas-of-use\/"},{"@type":"ListItem","position":3,"name":"Sports and recreation"}]},{"@type":"WebSite","@id":"https:\/\/luu.rs\/en\/#website","url":"https:\/\/luu.rs\/en\/","name":"Luu","description":"Wipes and toilet roll dispensers","publisher":{"@id":"https:\/\/luu.rs\/en\/#organization"},"alternateName":"Ubrusi i kasete za toalete","potentialAction":[{"@type":"SearchAction","target":{"@type":"EntryPoint","urlTemplate":"https:\/\/luu.rs\/en\/?s={search_term_string}"},"query-input":{"@type":"PropertyValueSpecification","valueRequired":true,"valueName":"search_term_string"}}],"inLanguage":"en-US"},{"@type":"Organization","@id":"https:\/\/luu.rs\/en\/#organization","name":"Luu","alternateName":"Ubrusi i kasete za toalete","url":"https:\/\/luu.rs\/en\/","logo":{"@type":"ImageObject","inLanguage":"en-US","@id":"https:\/\/luu.rs\/en\/#\/schema\/logo\/image\/","url":"https:\/\/luu.rs\/en\/wp-content\/uploads\/2024\/10\/LOGO-sajt-i-mreze.png","contentUrl":"https:\/\/luu.rs\/en\/wp-content\/uploads\/2024\/10\/LOGO-sajt-i-mreze.png","width":306,"height":555,"caption":"Luu"},"image":{"@id":"https:\/\/luu.rs\/en\/#\/schema\/logo\/image\/"},"sameAs":["https:\/\/www.facebook.com\/people\/Luu\/61573057270798\/","https:\/\/www.instagram.com\/luu_papirna_konfekcija\/"]}]}},"_links":{"self":[{"href":"https:\/\/luu.rs\/en\/wp-json\/wp\/v2\/pages\/20237","targetHints":{"allow":["GET"]}}],"collection":[{"href":"https:\/\/luu.rs\/en\/wp-json\/wp\/v2\/pages"}],"about":[{"href":"https:\/\/luu.rs\/en\/wp-json\/wp\/v2\/types\/page"}],"author":[{"embeddable":true,"href":"https:\/\/luu.rs\/en\/wp-json\/wp\/v2\/users\/1"}],"replies":[{"embeddable":true,"href":"https:\/\/luu.rs\/en\/wp-json\/wp\/v2\/comments?post=20237"}],"version-history":[{"count":26,"href":"https:\/\/luu.rs\/en\/wp-json\/wp\/v2\/pages\/20237\/revisions"}],"predecessor-version":[{"id":22165,"href":"https:\/\/luu.rs\/en\/wp-json\/wp\/v2\/pages\/20237\/revisions\/22165"}],"up":[{"embeddable":true,"href":"https:\/\/luu.rs\/en\/wp-json\/wp\/v2\/pages\/20219"}],"wp:featuredmedia":[{"embeddable":true,"href":"https:\/\/luu.rs\/en\/wp-json\/wp\/v2\/media\/21487"}],"wp:attachment":[{"href":"https:\/\/luu.rs\/en\/wp-json\/wp\/v2\/media?parent=20237"}],"curies":[{"name":"wp","href":"https:\/\/api.w.org\/{rel}","templated":true}]}}