{"id":20251,"date":"2024-11-04T18:19:13","date_gmt":"2024-11-04T18:19:13","guid":{"rendered":"http:\/\/luu.rs\/?page_id=20251"},"modified":"2025-11-05T01:17:16","modified_gmt":"2025-11-05T00:17:16","slug":"shopping-malls","status":"publish","type":"page","link":"https:\/\/luu.rs\/en\/areas-of-use\/shopping-malls\/","title":{"rendered":"Shopping malls"},"content":{"rendered":"\t\t<div data-elementor-type=\"wp-page\" data-elementor-id=\"20251\" class=\"elementor elementor-20251\" data-elementor-post-type=\"page\">\n\t\t\t\t<div class=\"elementor-element elementor-element-7431e1b e-flex e-con-boxed e-con e-parent\" data-id=\"7431e1b\" data-element_type=\"container\">\n\t\t\t\t\t<div class=\"e-con-inner\">\n\t\t<div class=\"elementor-element elementor-element-727ee91 e-con-full e-flex e-con e-child\" data-id=\"727ee91\" data-element_type=\"container\">\n\t\t\t\t<div class=\"elementor-element elementor-element-884ab70 elementor-widget elementor-widget-text-editor\" data-id=\"884ab70\" data-element_type=\"widget\" data-widget_type=\"text-editor.default\">\n\t\t\t\t<div class=\"elementor-widget-container\">\n\t\t\t\t\t\t\t\t\t<p>Shopping malls have long outgrown their primary function buying and selling products and become indispensable destinations for entertainment and social gatherings.<\/p><p>Given the high foot traffic, special attention is paid to hygiene standards within these facilities. One of the key aspects of <a href=\"https:\/\/invekta.rs\/en\/maintaining-the-hygiene-of-shopping-malls\/\">hygiene in shopping centers<\/a> is the management of shared restrooms, where soap, toilet paper and paper towel dispensers are used.<\/p><h2>Shopping Centers and the Importance of Hygiene in Shared Restrooms<\/h2><p>Dispensers for liquid soap, foam soap, and disinfectants play a crucial role in maintaining hygiene in shared restrooms. Clean hands are the first and most effective line of defense against the spread of bacteria and viruses.<\/p><p>At a time when global health crises have become part of daily life, regular handwashing has been prioritized. Dispensers provide easy access to soap and sanitizers, encouraging visitors to be more mindful of hygiene and thereby reducing the risk of infection.<\/p><p>Soap dispensers come in various forms, including automatic models that enable touch-free use. Sensor dispensers not only reduce hand contact with surfaces but also minimize soap consumption, making them more environmentally friendly.<\/p><p>Since shopping centers are often very busy, these systems have proven to be an effective solution for preventing cross-contamination.<\/p><h2>Paper Towels and Preventing the Spread of Bacteria<\/h2><p>Paper towels are another essential element of hygiene in shopping-center restrooms. After washing, it is important to dry hands with clean, dry paper to reduce bacterial transmission and the spread of infectious diseases.<\/p><p>Paper-towel dispensers are highly practical because they allow quick and easy use, improving the overall hygiene of the space.<\/p><p>Shopping centers pay particular attention to hygiene standards in shared restrooms by using soap and paper-towel dispensers.<\/p><p><img fetchpriority=\"high\" decoding=\"async\" class=\"alignnone size-full wp-image-21476\" src=\"https:\/\/luu.rs\/wp-content\/uploads\/2025\/03\/Trzni-centri-luu.jpg\" alt=\"Tr\u017eni centri posebnu pa\u017enju obra\u0107aju na higijenske standarde u zajedni\u010dkim kupatilima koriste\u0107i dispenzere za sapun i papirne ubruse.\" width=\"1000\" height=\"667\" srcset=\"https:\/\/luu.rs\/en\/wp-content\/uploads\/2025\/03\/Trzni-centri-luu.jpg 1000w, https:\/\/luu.rs\/en\/wp-content\/uploads\/2025\/03\/Trzni-centri-luu-500x334.jpg 500w, https:\/\/luu.rs\/en\/wp-content\/uploads\/2025\/03\/Trzni-centri-luu-800x534.jpg 800w, https:\/\/luu.rs\/en\/wp-content\/uploads\/2025\/03\/Trzni-centri-luu-300x200.jpg 300w, https:\/\/luu.rs\/en\/wp-content\/uploads\/2025\/03\/Trzni-centri-luu-768x512.jpg 768w, https:\/\/luu.rs\/en\/wp-content\/uploads\/2025\/03\/Trzni-centri-luu-18x12.jpg 18w\" sizes=\"(max-width: 1000px) 100vw, 1000px\" \/><\/p><h3>Toilet Paper as a Basic Necessity<\/h3><p>The availability of toilet paper is vital to the comfort and satisfaction of shopping-center visitors. In commercial environments like these, where high usage is expected, quality paper dispensers and regular refills are key.<\/p><p>Installing toilet-paper dispensers ensures the paper is always available and easy to use, while protecting it from external contamination and preventing excessive consumption.<\/p><h2>Shopping Centers and LUU &#8211; A Unified Response to Hygiene Needs<\/h2><p>Shopping centers highlight the importance of environmental awareness by promoting sustainability through the use of eco-friendly products. From an ecological standpoint, the use of dispensers made from recycled materials such as those in LUU\u2019s range is especially important.<\/p><p>LUU restroom accessories are designed and manufactured in Italy, and most are made from recycled materials in addition to standard plastic polymers:<\/p><ul><li>paper towel dispensers (C-\/Z-fold, roll, center-pull, autocut\/self-cutting);<\/li><li>toilet paper dispensers (sheets, rolls);<\/li><li>hand-hygiene product dispensers (liquid soap, foam soap, disinfectant liquids and gels);<\/li><li>DUO units for paper towels and liquid soap;<\/li><li>holders for paper toilet-seat covers;<\/li><li>toilet brushes;<\/li><li>waste bins;<\/li><li>air fresheners.<\/li><\/ul><p>To deliver a top-tier user experience in shopping centers, it is essential to act responsibly and implement solutions that support the health of all visitors. <a href=\"https:\/\/luu.rs\/en\/shop\/\">LUU devices<\/a> can help you achieve exactly that.<\/p>\t\t\t\t\t\t\t\t<\/div>\n\t\t\t\t<\/div>\n\t\t\t\t<\/div>\n\t\t<div class=\"elementor-element elementor-element-dae801b e-con-full e-flex e-con e-child\" data-id=\"dae801b\" data-element_type=\"container\">\n\t\t\t\t<div class=\"elementor-element elementor-element-728908a elementor-widget elementor-widget-sidebar\" data-id=\"728908a\" data-element_type=\"widget\" data-widget_type=\"sidebar.default\">\n\t\t\t\t<div class=\"elementor-widget-container\">\n\t\t\t\t\t<div id=\"text-2\" class=\"widget widget_text\"><span class=\"gamma widget-title\">Areas of use<\/span><div class=\"widget-content\">\t\t\t<div class=\"textwidget\"><ul>\n<li><a href=\"https:\/\/luu.rs\/en\/areas-of-use\/hospitality\/\">Hospitality<\/a><\/li>\n<li><a href=\"https:\/\/luu.rs\/en\/areas-of-use\/business\/\">Business<\/a><\/li>\n<li><a href=\"https:\/\/luu.rs\/en\/areas-of-use\/shopping-malls\/\">Shopping malls<\/a><\/li>\n<li><a href=\"https:\/\/luu.rs\/en\/areas-of-use\/geriatrics\/\">Geriatrics<\/a><\/li>\n<li><a href=\"https:\/\/luu.rs\/en\/areas-of-use\/industry\/\">Industry<\/a><\/li>\n<li><a href=\"https:\/\/luu.rs\/en\/areas-of-use\/public-spaces\/\">Public spaces<\/a><\/li>\n<li><a href=\"https:\/\/luu.rs\/en\/areas-of-use\/medicine\/\">Medicine<\/a><\/li>\n<li><a href=\"https:\/\/luu.rs\/en\/areas-of-use\/transportation\/\">Transportation<\/a><\/li>\n<li><a href=\"https:\/\/luu.rs\/en\/areas-of-use\/education\/\">Education<\/a><\/li>\n<li><a href=\"https:\/\/luu.rs\/en\/areas-of-use\/sports-and-recreation\/\">Sports and recreation<\/a><\/li>\n<li><a href=\"https:\/\/luu.rs\/en\/areas-of-use\/residential-complexes\/\">Residential complexes<\/a><\/li>\n<\/ul>\n<p>&nbsp;<\/p>\n<\/div>\n\t\t<\/div><\/div><div id=\"block-7\" class=\"widget widget_block\">\t\t<div data-elementor-type=\"section\" data-elementor-id=\"1885\" class=\"elementor elementor-1885\" data-elementor-post-type=\"elementor_library\">\n\t\t\t<div class=\"elementor-element elementor-element-3fb2fd3 e-flex e-con-boxed e-con e-parent\" data-id=\"3fb2fd3\" data-element_type=\"container\">\n\t\t\t\t\t<div class=\"e-con-inner\">\n\t\t<div class=\"elementor-element elementor-element-0c9d8b4 e-flex e-con-boxed e-con e-child\" data-id=\"0c9d8b4\" data-element_type=\"container\" data-settings=\"{&quot;background_background&quot;:&quot;classic&quot;}\">\n\t\t\t\t\t<div class=\"e-con-inner\">\n\t\t\t\t<div class=\"elementor-element elementor-element-c29be3f elementor-widget__width-auto elementor-widget elementor-widget-site-logo\" data-id=\"c29be3f\" data-element_type=\"widget\" data-settings=\"{&quot;align&quot;:&quot;center&quot;,&quot;width&quot;:{&quot;unit&quot;:&quot;%&quot;,&quot;size&quot;:&quot;&quot;,&quot;sizes&quot;:[]},&quot;width_laptop&quot;:{&quot;unit&quot;:&quot;px&quot;,&quot;size&quot;:&quot;&quot;,&quot;sizes&quot;:[]},&quot;width_tablet_extra&quot;:{&quot;unit&quot;:&quot;px&quot;,&quot;size&quot;:&quot;&quot;,&quot;sizes&quot;:[]},&quot;width_tablet&quot;:{&quot;unit&quot;:&quot;%&quot;,&quot;size&quot;:&quot;&quot;,&quot;sizes&quot;:[]},&quot;width_mobile_extra&quot;:{&quot;unit&quot;:&quot;px&quot;,&quot;size&quot;:&quot;&quot;,&quot;sizes&quot;:[]},&quot;width_mobile&quot;:{&quot;unit&quot;:&quot;%&quot;,&quot;size&quot;:&quot;&quot;,&quot;sizes&quot;:[]},&quot;space&quot;:{&quot;unit&quot;:&quot;%&quot;,&quot;size&quot;:&quot;&quot;,&quot;sizes&quot;:[]},&quot;space_laptop&quot;:{&quot;unit&quot;:&quot;px&quot;,&quot;size&quot;:&quot;&quot;,&quot;sizes&quot;:[]},&quot;space_tablet_extra&quot;:{&quot;unit&quot;:&quot;px&quot;,&quot;size&quot;:&quot;&quot;,&quot;sizes&quot;:[]},&quot;space_tablet&quot;:{&quot;unit&quot;:&quot;%&quot;,&quot;size&quot;:&quot;&quot;,&quot;sizes&quot;:[]},&quot;space_mobile_extra&quot;:{&quot;unit&quot;:&quot;px&quot;,&quot;size&quot;:&quot;&quot;,&quot;sizes&quot;:[]},&quot;space_mobile&quot;:{&quot;unit&quot;:&quot;%&quot;,&quot;size&quot;:&quot;&quot;,&quot;sizes&quot;:[]},&quot;image_border_radius&quot;:{&quot;unit&quot;:&quot;px&quot;,&quot;top&quot;:&quot;&quot;,&quot;right&quot;:&quot;&quot;,&quot;bottom&quot;:&quot;&quot;,&quot;left&quot;:&quot;&quot;,&quot;isLinked&quot;:true},&quot;image_border_radius_laptop&quot;:{&quot;unit&quot;:&quot;px&quot;,&quot;top&quot;:&quot;&quot;,&quot;right&quot;:&quot;&quot;,&quot;bottom&quot;:&quot;&quot;,&quot;left&quot;:&quot;&quot;,&quot;isLinked&quot;:true},&quot;image_border_radius_tablet_extra&quot;:{&quot;unit&quot;:&quot;px&quot;,&quot;top&quot;:&quot;&quot;,&quot;right&quot;:&quot;&quot;,&quot;bottom&quot;:&quot;&quot;,&quot;left&quot;:&quot;&quot;,&quot;isLinked&quot;:true},&quot;image_border_radius_tablet&quot;:{&quot;unit&quot;:&quot;px&quot;,&quot;top&quot;:&quot;&quot;,&quot;right&quot;:&quot;&quot;,&quot;bottom&quot;:&quot;&quot;,&quot;left&quot;:&quot;&quot;,&quot;isLinked&quot;:true},&quot;image_border_radius_mobile_extra&quot;:{&quot;unit&quot;:&quot;px&quot;,&quot;top&quot;:&quot;&quot;,&quot;right&quot;:&quot;&quot;,&quot;bottom&quot;:&quot;&quot;,&quot;left&quot;:&quot;&quot;,&quot;isLinked&quot;:true},&quot;image_border_radius_mobile&quot;:{&quot;unit&quot;:&quot;px&quot;,&quot;top&quot;:&quot;&quot;,&quot;right&quot;:&quot;&quot;,&quot;bottom&quot;:&quot;&quot;,&quot;left&quot;:&quot;&quot;,&quot;isLinked&quot;:true},&quot;caption_padding&quot;:{&quot;unit&quot;:&quot;px&quot;,&quot;top&quot;:&quot;&quot;,&quot;right&quot;:&quot;&quot;,&quot;bottom&quot;:&quot;&quot;,&quot;left&quot;:&quot;&quot;,&quot;isLinked&quot;:true},&quot;caption_padding_laptop&quot;:{&quot;unit&quot;:&quot;px&quot;,&quot;top&quot;:&quot;&quot;,&quot;right&quot;:&quot;&quot;,&quot;bottom&quot;:&quot;&quot;,&quot;left&quot;:&quot;&quot;,&quot;isLinked&quot;:true},&quot;caption_padding_tablet_extra&quot;:{&quot;unit&quot;:&quot;px&quot;,&quot;top&quot;:&quot;&quot;,&quot;right&quot;:&quot;&quot;,&quot;bottom&quot;:&quot;&quot;,&quot;left&quot;:&quot;&quot;,&quot;isLinked&quot;:true},&quot;caption_padding_tablet&quot;:{&quot;unit&quot;:&quot;px&quot;,&quot;top&quot;:&quot;&quot;,&quot;right&quot;:&quot;&quot;,&quot;bottom&quot;:&quot;&quot;,&quot;left&quot;:&quot;&quot;,&quot;isLinked&quot;:true},&quot;caption_padding_mobile_extra&quot;:{&quot;unit&quot;:&quot;px&quot;,&quot;top&quot;:&quot;&quot;,&quot;right&quot;:&quot;&quot;,&quot;bottom&quot;:&quot;&quot;,&quot;left&quot;:&quot;&quot;,&quot;isLinked&quot;:true},&quot;caption_padding_mobile&quot;:{&quot;unit&quot;:&quot;px&quot;,&quot;top&quot;:&quot;&quot;,&quot;right&quot;:&quot;&quot;,&quot;bottom&quot;:&quot;&quot;,&quot;left&quot;:&quot;&quot;,&quot;isLinked&quot;:true},&quot;caption_space&quot;:{&quot;unit&quot;:&quot;px&quot;,&quot;size&quot;:0,&quot;sizes&quot;:[]},&quot;caption_space_laptop&quot;:{&quot;unit&quot;:&quot;px&quot;,&quot;size&quot;:&quot;&quot;,&quot;sizes&quot;:[]},&quot;caption_space_tablet_extra&quot;:{&quot;unit&quot;:&quot;px&quot;,&quot;size&quot;:&quot;&quot;,&quot;sizes&quot;:[]},&quot;caption_space_tablet&quot;:{&quot;unit&quot;:&quot;px&quot;,&quot;size&quot;:&quot;&quot;,&quot;sizes&quot;:[]},&quot;caption_space_mobile_extra&quot;:{&quot;unit&quot;:&quot;px&quot;,&quot;size&quot;:&quot;&quot;,&quot;sizes&quot;:[]},&quot;caption_space_mobile&quot;:{&quot;unit&quot;:&quot;px&quot;,&quot;size&quot;:&quot;&quot;,&quot;sizes&quot;:[]}}\" data-widget_type=\"site-logo.default\">\n\t\t\t\t<div class=\"elementor-widget-container\">\n\t\t\t\t\t\t\t<div class=\"hfe-site-logo\">\n\t\t\t\t\t\t\t\t\t\t\t\t\t<a data-elementor-open-lightbox=\"\"  class='elementor-clickable' href=\"https:\/\/luu.rs\/en\">\n\t\t\t\t\t\t\t<div class=\"hfe-site-logo-set\">           \n\t\t\t\t<div class=\"hfe-site-logo-container\">\n\t\t\t\t\t\t\t\t\t<img decoding=\"async\" class=\"hfe-site-logo-img elementor-animation-\"  src=\"https:\/\/luu.rs\/en\/wp-content\/uploads\/2023\/03\/Logo-Luu.png\" alt=\"Logo Luu\"\/>\n\t\t\t\t<\/div>\n\t\t\t<\/div>\n\t\t\t\t\t\t\t<\/a>\n\t\t\t\t\t\t<\/div>  \n\t\t\t\t\t\t\t<\/div>\n\t\t\t\t<\/div>\n\t\t<div class=\"elementor-element elementor-element-7df416d e-flex e-con-boxed e-con e-child\" data-id=\"7df416d\" data-element_type=\"container\">\n\t\t\t\t\t<div class=\"e-con-inner\">\n\t\t\t\t<div class=\"elementor-element elementor-element-488e467 elementor-widget elementor-widget-text-editor\" data-id=\"488e467\" data-element_type=\"widget\" data-widget_type=\"text-editor.default\">\n\t\t\t\t<div class=\"elementor-widget-container\">\n\t\t\t\t\t\t\t\t\t<p>Call us<\/p>\t\t\t\t\t\t\t\t<\/div>\n\t\t\t\t<\/div>\n\t\t\t\t<div class=\"elementor-element elementor-element-d1d9c1d elementor-widget elementor-widget-text-editor\" data-id=\"d1d9c1d\" data-element_type=\"widget\" data-widget_type=\"text-editor.default\">\n\t\t\t\t<div class=\"elementor-widget-container\">\n\t\t\t\t\t\t\t\t\t<p><span style=\"color: #ffffff;\"><a style=\"color: #ffffff;\" href=\"tel:+381668118382\">+381 66 811 83 82<\/a><\/span><\/p>\t\t\t\t\t\t\t\t<\/div>\n\t\t\t\t<\/div>\n\t\t\t\t<div class=\"elementor-element elementor-element-8bd0541 elementor-align-center elementor-button-default elementor-widget elementor-widget-button\" data-id=\"8bd0541\" data-element_type=\"widget\" data-widget_type=\"button.default\">\n\t\t\t\t<div class=\"elementor-widget-container\">\n\t\t\t\t\t\t\t\t\t<div class=\"elementor-button-wrapper\">\n\t\t\t\t\t<a class=\"elementor-button elementor-button-link elementor-size-sm\" href=\"https:\/\/luu.rs\/en\/shop\/\">\n\t\t\t\t\t\t<span class=\"elementor-button-content-wrapper\">\n\t\t\t\t\t\t<span class=\"elementor-button-icon\">\n\t\t\t\t<i aria-hidden=\"true\" class=\"hnice-icon- hnice-icon-right-arrow\"><\/i>\t\t\t<\/span>\n\t\t\t\t\t\t\t\t\t<span class=\"elementor-button-text\">Products <\/span>\n\t\t\t\t\t<\/span>\n\t\t\t\t\t<\/a>\n\t\t\t\t<\/div>\n\t\t\t\t\t\t\t\t<\/div>\n\t\t\t\t<\/div>\n\t\t\t\t\t<\/div>\n\t\t\t\t<\/div>\n\t\t\t\t\t<\/div>\n\t\t\t\t<\/div>\n\t\t\t\t\t<\/div>\n\t\t\t\t<\/div>\n\t\t\t\t<\/div>\n\t\t<\/div>\t\t\t\t<\/div>\n\t\t\t\t<\/div>\n\t\t\t\t<\/div>\n\t\t\t\t\t<\/div>\n\t\t\t\t<\/div>\n\t\t\t\t<\/div>\n\t\t","protected":false},"excerpt":{"rendered":"<p>Shopping malls have long outgrown their primary function buying and selling products and become indispensable destinations for entertainment and social gatherings. Given the high foot traffic, special attention is paid to hygiene standards within these facilities. One of the key aspects of hygiene in shopping centers is the management of shared restrooms, where soap, toilet [&hellip;]<\/p>\n","protected":false},"author":1,"featured_media":21476,"parent":20219,"menu_order":0,"comment_status":"closed","ping_status":"closed","template":"","meta":{"inline_featured_image":false,"footnotes":""},"class_list":["post-20251","page","type-page","status-publish","has-post-thumbnail","hentry"],"yoast_head":"<!-- This site is optimized with the Yoast SEO plugin v26.1.1 - https:\/\/yoast.com\/wordpress\/plugins\/seo\/ -->\n<title>Shopping malls || LUU<\/title>\n<meta name=\"description\" content=\"Shopping malls have long surpassed their primary function \u2013 selling and purchasing products \u2013 and have become essential destinations ...\" \/>\n<meta name=\"robots\" content=\"index, follow, max-snippet:-1, max-image-preview:large, max-video-preview:-1\" \/>\n<link rel=\"canonical\" href=\"https:\/\/luu.rs\/en\/areas-of-use\/shopping-malls\/\" \/>\n<meta property=\"og:locale\" content=\"en_US\" \/>\n<meta property=\"og:type\" content=\"article\" \/>\n<meta property=\"og:title\" content=\"Shopping malls || LUU\" \/>\n<meta property=\"og:description\" content=\"Shopping malls have long surpassed their primary function \u2013 selling and purchasing products \u2013 and have become essential destinations ...\" \/>\n<meta property=\"og:url\" content=\"https:\/\/luu.rs\/en\/areas-of-use\/shopping-malls\/\" \/>\n<meta property=\"og:site_name\" content=\"Luu\" \/>\n<meta property=\"article:publisher\" content=\"https:\/\/www.facebook.com\/people\/Luu\/61573057270798\/\" \/>\n<meta property=\"article:modified_time\" content=\"2025-11-05T00:17:16+00:00\" \/>\n<meta property=\"og:image\" content=\"https:\/\/luu.rs\/en\/wp-content\/uploads\/2025\/03\/Trzni-centri-luu.jpg\" \/>\n\t<meta property=\"og:image:width\" content=\"1000\" \/>\n\t<meta property=\"og:image:height\" content=\"667\" \/>\n\t<meta property=\"og:image:type\" content=\"image\/jpeg\" \/>\n<meta name=\"twitter:card\" content=\"summary_large_image\" \/>\n<meta name=\"twitter:label1\" content=\"Est. reading time\" \/>\n\t<meta name=\"twitter:data1\" content=\"3 minutes\" \/>\n<!-- \/ Yoast SEO plugin. -->","yoast_head_json":{"title":"Shopping malls || LUU","description":"Shopping malls have long surpassed their primary function \u2013 selling and purchasing products \u2013 and have become essential destinations ...","robots":{"index":"index","follow":"follow","max-snippet":"max-snippet:-1","max-image-preview":"max-image-preview:large","max-video-preview":"max-video-preview:-1"},"canonical":"https:\/\/luu.rs\/en\/areas-of-use\/shopping-malls\/","og_locale":"en_US","og_type":"article","og_title":"Shopping malls || LUU","og_description":"Shopping malls have long surpassed their primary function \u2013 selling and purchasing products \u2013 and have become essential destinations ...","og_url":"https:\/\/luu.rs\/en\/areas-of-use\/shopping-malls\/","og_site_name":"Luu","article_publisher":"https:\/\/www.facebook.com\/people\/Luu\/61573057270798\/","article_modified_time":"2025-11-05T00:17:16+00:00","og_image":[{"width":1000,"height":667,"url":"https:\/\/luu.rs\/en\/wp-content\/uploads\/2025\/03\/Trzni-centri-luu.jpg","type":"image\/jpeg"}],"twitter_card":"summary_large_image","twitter_misc":{"Est. reading time":"3 minutes"},"schema":{"@context":"https:\/\/schema.org","@graph":[{"@type":"WebPage","@id":"https:\/\/luu.rs\/en\/areas-of-use\/shopping-malls\/","url":"https:\/\/luu.rs\/en\/areas-of-use\/shopping-malls\/","name":"Shopping malls || LUU","isPartOf":{"@id":"https:\/\/luu.rs\/en\/#website"},"primaryImageOfPage":{"@id":"https:\/\/luu.rs\/en\/areas-of-use\/shopping-malls\/#primaryimage"},"image":{"@id":"https:\/\/luu.rs\/en\/areas-of-use\/shopping-malls\/#primaryimage"},"thumbnailUrl":"https:\/\/luu.rs\/en\/wp-content\/uploads\/2025\/03\/Trzni-centri-luu.jpg","datePublished":"2024-11-04T18:19:13+00:00","dateModified":"2025-11-05T00:17:16+00:00","description":"Shopping malls have long surpassed their primary function \u2013 selling and purchasing products \u2013 and have become essential destinations ...","breadcrumb":{"@id":"https:\/\/luu.rs\/en\/areas-of-use\/shopping-malls\/#breadcrumb"},"inLanguage":"en-US","potentialAction":[{"@type":"ReadAction","target":["https:\/\/luu.rs\/en\/areas-of-use\/shopping-malls\/"]}]},{"@type":"ImageObject","inLanguage":"en-US","@id":"https:\/\/luu.rs\/en\/areas-of-use\/shopping-malls\/#primaryimage","url":"https:\/\/luu.rs\/en\/wp-content\/uploads\/2025\/03\/Trzni-centri-luu.jpg","contentUrl":"https:\/\/luu.rs\/en\/wp-content\/uploads\/2025\/03\/Trzni-centri-luu.jpg","width":1000,"height":667,"caption":"Shopping centers pay special attention to hygiene standards in public restrooms by using soap dispensers and paper towels."},{"@type":"BreadcrumbList","@id":"https:\/\/luu.rs\/en\/areas-of-use\/shopping-malls\/#breadcrumb","itemListElement":[{"@type":"ListItem","position":1,"name":"Home","item":"https:\/\/luu.rs\/en\/"},{"@type":"ListItem","position":2,"name":"Areas of use","item":"https:\/\/luu.rs\/en\/areas-of-use\/"},{"@type":"ListItem","position":3,"name":"Shopping malls"}]},{"@type":"WebSite","@id":"https:\/\/luu.rs\/en\/#website","url":"https:\/\/luu.rs\/en\/","name":"Luu","description":"Wipes and toilet roll dispensers","publisher":{"@id":"https:\/\/luu.rs\/en\/#organization"},"alternateName":"Ubrusi i kasete za toalete","potentialAction":[{"@type":"SearchAction","target":{"@type":"EntryPoint","urlTemplate":"https:\/\/luu.rs\/en\/?s={search_term_string}"},"query-input":{"@type":"PropertyValueSpecification","valueRequired":true,"valueName":"search_term_string"}}],"inLanguage":"en-US"},{"@type":"Organization","@id":"https:\/\/luu.rs\/en\/#organization","name":"Luu","alternateName":"Ubrusi i kasete za toalete","url":"https:\/\/luu.rs\/en\/","logo":{"@type":"ImageObject","inLanguage":"en-US","@id":"https:\/\/luu.rs\/en\/#\/schema\/logo\/image\/","url":"https:\/\/luu.rs\/en\/wp-content\/uploads\/2024\/10\/LOGO-sajt-i-mreze.png","contentUrl":"https:\/\/luu.rs\/en\/wp-content\/uploads\/2024\/10\/LOGO-sajt-i-mreze.png","width":306,"height":555,"caption":"Luu"},"image":{"@id":"https:\/\/luu.rs\/en\/#\/schema\/logo\/image\/"},"sameAs":["https:\/\/www.facebook.com\/people\/Luu\/61573057270798\/","https:\/\/www.instagram.com\/luu_papirna_konfekcija\/"]}]}},"_links":{"self":[{"href":"https:\/\/luu.rs\/en\/wp-json\/wp\/v2\/pages\/20251","targetHints":{"allow":["GET"]}}],"collection":[{"href":"https:\/\/luu.rs\/en\/wp-json\/wp\/v2\/pages"}],"about":[{"href":"https:\/\/luu.rs\/en\/wp-json\/wp\/v2\/types\/page"}],"author":[{"embeddable":true,"href":"https:\/\/luu.rs\/en\/wp-json\/wp\/v2\/users\/1"}],"replies":[{"embeddable":true,"href":"https:\/\/luu.rs\/en\/wp-json\/wp\/v2\/comments?post=20251"}],"version-history":[{"count":20,"href":"https:\/\/luu.rs\/en\/wp-json\/wp\/v2\/pages\/20251\/revisions"}],"predecessor-version":[{"id":22141,"href":"https:\/\/luu.rs\/en\/wp-json\/wp\/v2\/pages\/20251\/revisions\/22141"}],"up":[{"embeddable":true,"href":"https:\/\/luu.rs\/en\/wp-json\/wp\/v2\/pages\/20219"}],"wp:featuredmedia":[{"embeddable":true,"href":"https:\/\/luu.rs\/en\/wp-json\/wp\/v2\/media\/21476"}],"wp:attachment":[{"href":"https:\/\/luu.rs\/en\/wp-json\/wp\/v2\/media?parent=20251"}],"curies":[{"name":"wp","href":"https:\/\/api.w.org\/{rel}","templated":true}]}}