{"id":20263,"date":"2024-11-04T18:21:32","date_gmt":"2024-11-04T18:21:32","guid":{"rendered":"http:\/\/luu.rs\/?page_id=20263"},"modified":"2025-11-05T01:35:39","modified_gmt":"2025-11-05T00:35:39","slug":"transportation","status":"publish","type":"page","link":"https:\/\/luu.rs\/en\/areas-of-use\/transportation\/","title":{"rendered":"Transportation"},"content":{"rendered":"\t\t<div data-elementor-type=\"wp-page\" data-elementor-id=\"20263\" class=\"elementor elementor-20263\" data-elementor-post-type=\"page\">\n\t\t\t\t<div class=\"elementor-element elementor-element-7431e1b e-flex e-con-boxed e-con e-parent\" data-id=\"7431e1b\" data-element_type=\"container\">\n\t\t\t\t\t<div class=\"e-con-inner\">\n\t\t<div class=\"elementor-element elementor-element-727ee91 e-con-full e-flex e-con e-child\" data-id=\"727ee91\" data-element_type=\"container\">\n\t\t\t\t<div class=\"elementor-element elementor-element-884ab70 elementor-widget elementor-widget-text-editor\" data-id=\"884ab70\" data-element_type=\"widget\" data-widget_type=\"text-editor.default\">\n\t\t\t\t<div class=\"elementor-widget-container\">\n\t\t\t\t\t\t\t\t\t<p>Transport and hygiene are closely linked from the standpoint of passenger safety and comfort especially in high-traffic locations such as <a href=\"https:\/\/invekta.rs\/en\/cleaning-of-airports-and-stations\/\">airports and railway\/bus stations<\/a>.<\/p><p>Adhering to hygiene standards is crucial for preventing the transmission of respiratory and other diseases, while also ensuring a positive experience for travelers.<\/p><h3>Transport and Passengers\u2019 Personal Hygiene<\/h3><p>Airports and railway\/bus stations are often under heavy pressure due to high passenger turnover. In this context, efficient hygiene management can significantly improve overall conditions at these facilities. Cleanliness, along with regular maintenance and refilling of dispensers, affects not only passenger satisfaction but also the reputation of carriers and operators.<\/p><p>For passenger hubs to function properly, all technical requirements must be met including impeccable cleanliness and efficiency in every area used by travelers and staff. This is especially true for food-service personnel, since food products must be microbiologically safe for consumption.<\/p><p>By introducing modern technologies and improving hygiene practices, airports and stations can truly become safer places for passengers allowing them to focus on their journey rather than worry about potential health risks.<\/p><p>Beyond physical infrastructure, it is important to educate passengers about personal hygiene. Campaigns promoting handwashing and proper restroom use can further help reduce the spread of infections.<\/p><p>Because personal hygiene is a primary component of public health, the necessary supplies must always be available in all ancillary areas. Only then can passengers have everything they need at any given moment.<\/p><p>Restrooms are therefore indispensable at transit stations and should be fully equipped with devices that streamline and speed up use.<\/p><p>Transport and hygiene are tightly connected from the standpoint of passenger safety at airports and railway\/bus stations.<\/p><p><img fetchpriority=\"high\" decoding=\"async\" class=\"alignnone size-full wp-image-21478\" src=\"https:\/\/luu.rs\/wp-content\/uploads\/2025\/03\/Saobracaj.jpg\" alt=\"Saobra\u0107aj i higijena su tesno povezani sa aspekta sigurnosti putnika aerodromima i \u017eelezni\u010dkim \/ autobuskim stanicama.\" width=\"1000\" height=\"667\" srcset=\"https:\/\/luu.rs\/en\/wp-content\/uploads\/2025\/03\/Saobracaj.jpg 1000w, https:\/\/luu.rs\/en\/wp-content\/uploads\/2025\/03\/Saobracaj-500x334.jpg 500w, https:\/\/luu.rs\/en\/wp-content\/uploads\/2025\/03\/Saobracaj-800x534.jpg 800w, https:\/\/luu.rs\/en\/wp-content\/uploads\/2025\/03\/Saobracaj-300x200.jpg 300w, https:\/\/luu.rs\/en\/wp-content\/uploads\/2025\/03\/Saobracaj-768x512.jpg 768w, https:\/\/luu.rs\/en\/wp-content\/uploads\/2025\/03\/Saobracaj-18x12.jpg 18w\" sizes=\"(max-width: 1000px) 100vw, 1000px\" \/><\/p><h2>How Does LUU Support Transit Stations?<\/h2><p>Devices such as dispensers for soap, toilet paper, and paper towels play a key role in protecting people from bacteria and viruses in other words, from infectious diseases. That\u2019s why LUU stands on the front line with its bathroom devices and accessories not only at major international airports, but also at smaller intercity bus and rail stations.<\/p><p>Essential devices for passenger transport facilities include:<\/p><ul><li>paper towel dispensers (C\/Z-fold, roll, center-pull, autocut\/self-cutting);<\/li><li>toilet paper dispensers (sheets, rolls);<\/li><li>hand-hygiene dispensers (liquid soap, foam soap, sanitizing liquids and gels);<\/li><li>DUO units for paper towels and liquid soap;<\/li><li>holders for paper toilet-seat covers;<\/li><li>toilet brushes;<\/li><li>waste bins;<\/li><li>air fresheners.<\/li><\/ul><p>Since all of our bathroom accessories are designed and fully manufactured in Italy, quality, style, and durability are guaranteed. Whether manual or electronic, <a href=\"https:\/\/luu.rs\/en\/shop\/\">LUU dispensers<\/a> successfully meet the needs of transport hubs.<\/p><p>By choosing individual devices or complete sets, restrooms will be modernized and transformed into spaces that people don\u2019t avoid but actually prefer to use.<\/p>\t\t\t\t\t\t\t\t<\/div>\n\t\t\t\t<\/div>\n\t\t\t\t<\/div>\n\t\t<div class=\"elementor-element elementor-element-dae801b e-con-full e-flex e-con e-child\" data-id=\"dae801b\" data-element_type=\"container\">\n\t\t\t\t<div class=\"elementor-element elementor-element-728908a elementor-widget elementor-widget-sidebar\" data-id=\"728908a\" data-element_type=\"widget\" data-widget_type=\"sidebar.default\">\n\t\t\t\t<div class=\"elementor-widget-container\">\n\t\t\t\t\t<div id=\"text-2\" class=\"widget widget_text\"><span class=\"gamma widget-title\">Areas of use<\/span><div class=\"widget-content\">\t\t\t<div class=\"textwidget\"><ul>\n<li><a href=\"https:\/\/luu.rs\/en\/areas-of-use\/hospitality\/\">Hospitality<\/a><\/li>\n<li><a href=\"https:\/\/luu.rs\/en\/areas-of-use\/business\/\">Business<\/a><\/li>\n<li><a href=\"https:\/\/luu.rs\/en\/areas-of-use\/shopping-malls\/\">Shopping malls<\/a><\/li>\n<li><a href=\"https:\/\/luu.rs\/en\/areas-of-use\/geriatrics\/\">Geriatrics<\/a><\/li>\n<li><a href=\"https:\/\/luu.rs\/en\/areas-of-use\/industry\/\">Industry<\/a><\/li>\n<li><a href=\"https:\/\/luu.rs\/en\/areas-of-use\/public-spaces\/\">Public spaces<\/a><\/li>\n<li><a href=\"https:\/\/luu.rs\/en\/areas-of-use\/medicine\/\">Medicine<\/a><\/li>\n<li><a href=\"https:\/\/luu.rs\/en\/areas-of-use\/transportation\/\">Transportation<\/a><\/li>\n<li><a href=\"https:\/\/luu.rs\/en\/areas-of-use\/education\/\">Education<\/a><\/li>\n<li><a href=\"https:\/\/luu.rs\/en\/areas-of-use\/sports-and-recreation\/\">Sports and recreation<\/a><\/li>\n<li><a href=\"https:\/\/luu.rs\/en\/areas-of-use\/residential-complexes\/\">Residential complexes<\/a><\/li>\n<\/ul>\n<p>&nbsp;<\/p>\n<\/div>\n\t\t<\/div><\/div><div id=\"block-7\" class=\"widget widget_block\">\t\t<div data-elementor-type=\"section\" data-elementor-id=\"1885\" class=\"elementor elementor-1885\" data-elementor-post-type=\"elementor_library\">\n\t\t\t<div class=\"elementor-element elementor-element-3fb2fd3 e-flex e-con-boxed e-con e-parent\" data-id=\"3fb2fd3\" data-element_type=\"container\">\n\t\t\t\t\t<div class=\"e-con-inner\">\n\t\t<div class=\"elementor-element elementor-element-0c9d8b4 e-flex e-con-boxed e-con e-child\" data-id=\"0c9d8b4\" data-element_type=\"container\" data-settings=\"{&quot;background_background&quot;:&quot;classic&quot;}\">\n\t\t\t\t\t<div class=\"e-con-inner\">\n\t\t\t\t<div class=\"elementor-element elementor-element-c29be3f elementor-widget__width-auto elementor-widget elementor-widget-site-logo\" data-id=\"c29be3f\" data-element_type=\"widget\" data-settings=\"{&quot;align&quot;:&quot;center&quot;,&quot;width&quot;:{&quot;unit&quot;:&quot;%&quot;,&quot;size&quot;:&quot;&quot;,&quot;sizes&quot;:[]},&quot;width_laptop&quot;:{&quot;unit&quot;:&quot;px&quot;,&quot;size&quot;:&quot;&quot;,&quot;sizes&quot;:[]},&quot;width_tablet_extra&quot;:{&quot;unit&quot;:&quot;px&quot;,&quot;size&quot;:&quot;&quot;,&quot;sizes&quot;:[]},&quot;width_tablet&quot;:{&quot;unit&quot;:&quot;%&quot;,&quot;size&quot;:&quot;&quot;,&quot;sizes&quot;:[]},&quot;width_mobile_extra&quot;:{&quot;unit&quot;:&quot;px&quot;,&quot;size&quot;:&quot;&quot;,&quot;sizes&quot;:[]},&quot;width_mobile&quot;:{&quot;unit&quot;:&quot;%&quot;,&quot;size&quot;:&quot;&quot;,&quot;sizes&quot;:[]},&quot;space&quot;:{&quot;unit&quot;:&quot;%&quot;,&quot;size&quot;:&quot;&quot;,&quot;sizes&quot;:[]},&quot;space_laptop&quot;:{&quot;unit&quot;:&quot;px&quot;,&quot;size&quot;:&quot;&quot;,&quot;sizes&quot;:[]},&quot;space_tablet_extra&quot;:{&quot;unit&quot;:&quot;px&quot;,&quot;size&quot;:&quot;&quot;,&quot;sizes&quot;:[]},&quot;space_tablet&quot;:{&quot;unit&quot;:&quot;%&quot;,&quot;size&quot;:&quot;&quot;,&quot;sizes&quot;:[]},&quot;space_mobile_extra&quot;:{&quot;unit&quot;:&quot;px&quot;,&quot;size&quot;:&quot;&quot;,&quot;sizes&quot;:[]},&quot;space_mobile&quot;:{&quot;unit&quot;:&quot;%&quot;,&quot;size&quot;:&quot;&quot;,&quot;sizes&quot;:[]},&quot;image_border_radius&quot;:{&quot;unit&quot;:&quot;px&quot;,&quot;top&quot;:&quot;&quot;,&quot;right&quot;:&quot;&quot;,&quot;bottom&quot;:&quot;&quot;,&quot;left&quot;:&quot;&quot;,&quot;isLinked&quot;:true},&quot;image_border_radius_laptop&quot;:{&quot;unit&quot;:&quot;px&quot;,&quot;top&quot;:&quot;&quot;,&quot;right&quot;:&quot;&quot;,&quot;bottom&quot;:&quot;&quot;,&quot;left&quot;:&quot;&quot;,&quot;isLinked&quot;:true},&quot;image_border_radius_tablet_extra&quot;:{&quot;unit&quot;:&quot;px&quot;,&quot;top&quot;:&quot;&quot;,&quot;right&quot;:&quot;&quot;,&quot;bottom&quot;:&quot;&quot;,&quot;left&quot;:&quot;&quot;,&quot;isLinked&quot;:true},&quot;image_border_radius_tablet&quot;:{&quot;unit&quot;:&quot;px&quot;,&quot;top&quot;:&quot;&quot;,&quot;right&quot;:&quot;&quot;,&quot;bottom&quot;:&quot;&quot;,&quot;left&quot;:&quot;&quot;,&quot;isLinked&quot;:true},&quot;image_border_radius_mobile_extra&quot;:{&quot;unit&quot;:&quot;px&quot;,&quot;top&quot;:&quot;&quot;,&quot;right&quot;:&quot;&quot;,&quot;bottom&quot;:&quot;&quot;,&quot;left&quot;:&quot;&quot;,&quot;isLinked&quot;:true},&quot;image_border_radius_mobile&quot;:{&quot;unit&quot;:&quot;px&quot;,&quot;top&quot;:&quot;&quot;,&quot;right&quot;:&quot;&quot;,&quot;bottom&quot;:&quot;&quot;,&quot;left&quot;:&quot;&quot;,&quot;isLinked&quot;:true},&quot;caption_padding&quot;:{&quot;unit&quot;:&quot;px&quot;,&quot;top&quot;:&quot;&quot;,&quot;right&quot;:&quot;&quot;,&quot;bottom&quot;:&quot;&quot;,&quot;left&quot;:&quot;&quot;,&quot;isLinked&quot;:true},&quot;caption_padding_laptop&quot;:{&quot;unit&quot;:&quot;px&quot;,&quot;top&quot;:&quot;&quot;,&quot;right&quot;:&quot;&quot;,&quot;bottom&quot;:&quot;&quot;,&quot;left&quot;:&quot;&quot;,&quot;isLinked&quot;:true},&quot;caption_padding_tablet_extra&quot;:{&quot;unit&quot;:&quot;px&quot;,&quot;top&quot;:&quot;&quot;,&quot;right&quot;:&quot;&quot;,&quot;bottom&quot;:&quot;&quot;,&quot;left&quot;:&quot;&quot;,&quot;isLinked&quot;:true},&quot;caption_padding_tablet&quot;:{&quot;unit&quot;:&quot;px&quot;,&quot;top&quot;:&quot;&quot;,&quot;right&quot;:&quot;&quot;,&quot;bottom&quot;:&quot;&quot;,&quot;left&quot;:&quot;&quot;,&quot;isLinked&quot;:true},&quot;caption_padding_mobile_extra&quot;:{&quot;unit&quot;:&quot;px&quot;,&quot;top&quot;:&quot;&quot;,&quot;right&quot;:&quot;&quot;,&quot;bottom&quot;:&quot;&quot;,&quot;left&quot;:&quot;&quot;,&quot;isLinked&quot;:true},&quot;caption_padding_mobile&quot;:{&quot;unit&quot;:&quot;px&quot;,&quot;top&quot;:&quot;&quot;,&quot;right&quot;:&quot;&quot;,&quot;bottom&quot;:&quot;&quot;,&quot;left&quot;:&quot;&quot;,&quot;isLinked&quot;:true},&quot;caption_space&quot;:{&quot;unit&quot;:&quot;px&quot;,&quot;size&quot;:0,&quot;sizes&quot;:[]},&quot;caption_space_laptop&quot;:{&quot;unit&quot;:&quot;px&quot;,&quot;size&quot;:&quot;&quot;,&quot;sizes&quot;:[]},&quot;caption_space_tablet_extra&quot;:{&quot;unit&quot;:&quot;px&quot;,&quot;size&quot;:&quot;&quot;,&quot;sizes&quot;:[]},&quot;caption_space_tablet&quot;:{&quot;unit&quot;:&quot;px&quot;,&quot;size&quot;:&quot;&quot;,&quot;sizes&quot;:[]},&quot;caption_space_mobile_extra&quot;:{&quot;unit&quot;:&quot;px&quot;,&quot;size&quot;:&quot;&quot;,&quot;sizes&quot;:[]},&quot;caption_space_mobile&quot;:{&quot;unit&quot;:&quot;px&quot;,&quot;size&quot;:&quot;&quot;,&quot;sizes&quot;:[]}}\" data-widget_type=\"site-logo.default\">\n\t\t\t\t<div class=\"elementor-widget-container\">\n\t\t\t\t\t\t\t<div class=\"hfe-site-logo\">\n\t\t\t\t\t\t\t\t\t\t\t\t\t<a data-elementor-open-lightbox=\"\"  class='elementor-clickable' href=\"https:\/\/luu.rs\/en\">\n\t\t\t\t\t\t\t<div class=\"hfe-site-logo-set\">           \n\t\t\t\t<div class=\"hfe-site-logo-container\">\n\t\t\t\t\t\t\t\t\t<img decoding=\"async\" class=\"hfe-site-logo-img elementor-animation-\"  src=\"https:\/\/luu.rs\/en\/wp-content\/uploads\/2023\/03\/Logo-Luu.png\" alt=\"Logo Luu\"\/>\n\t\t\t\t<\/div>\n\t\t\t<\/div>\n\t\t\t\t\t\t\t<\/a>\n\t\t\t\t\t\t<\/div>  \n\t\t\t\t\t\t\t<\/div>\n\t\t\t\t<\/div>\n\t\t<div class=\"elementor-element elementor-element-7df416d e-flex e-con-boxed e-con e-child\" data-id=\"7df416d\" data-element_type=\"container\">\n\t\t\t\t\t<div class=\"e-con-inner\">\n\t\t\t\t<div class=\"elementor-element elementor-element-488e467 elementor-widget elementor-widget-text-editor\" data-id=\"488e467\" data-element_type=\"widget\" data-widget_type=\"text-editor.default\">\n\t\t\t\t<div class=\"elementor-widget-container\">\n\t\t\t\t\t\t\t\t\t<p>Call us<\/p>\t\t\t\t\t\t\t\t<\/div>\n\t\t\t\t<\/div>\n\t\t\t\t<div class=\"elementor-element elementor-element-d1d9c1d elementor-widget elementor-widget-text-editor\" data-id=\"d1d9c1d\" data-element_type=\"widget\" data-widget_type=\"text-editor.default\">\n\t\t\t\t<div class=\"elementor-widget-container\">\n\t\t\t\t\t\t\t\t\t<p><span style=\"color: #ffffff;\"><a style=\"color: #ffffff;\" href=\"tel:+381668118382\">+381 66 811 83 82<\/a><\/span><\/p>\t\t\t\t\t\t\t\t<\/div>\n\t\t\t\t<\/div>\n\t\t\t\t<div class=\"elementor-element elementor-element-8bd0541 elementor-align-center elementor-button-default elementor-widget elementor-widget-button\" data-id=\"8bd0541\" data-element_type=\"widget\" data-widget_type=\"button.default\">\n\t\t\t\t<div class=\"elementor-widget-container\">\n\t\t\t\t\t\t\t\t\t<div class=\"elementor-button-wrapper\">\n\t\t\t\t\t<a class=\"elementor-button elementor-button-link elementor-size-sm\" href=\"https:\/\/luu.rs\/en\/shop\/\">\n\t\t\t\t\t\t<span class=\"elementor-button-content-wrapper\">\n\t\t\t\t\t\t<span class=\"elementor-button-icon\">\n\t\t\t\t<i aria-hidden=\"true\" class=\"hnice-icon- hnice-icon-right-arrow\"><\/i>\t\t\t<\/span>\n\t\t\t\t\t\t\t\t\t<span class=\"elementor-button-text\">Products <\/span>\n\t\t\t\t\t<\/span>\n\t\t\t\t\t<\/a>\n\t\t\t\t<\/div>\n\t\t\t\t\t\t\t\t<\/div>\n\t\t\t\t<\/div>\n\t\t\t\t\t<\/div>\n\t\t\t\t<\/div>\n\t\t\t\t\t<\/div>\n\t\t\t\t<\/div>\n\t\t\t\t\t<\/div>\n\t\t\t\t<\/div>\n\t\t\t\t<\/div>\n\t\t<\/div>\t\t\t\t<\/div>\n\t\t\t\t<\/div>\n\t\t\t\t<\/div>\n\t\t\t\t\t<\/div>\n\t\t\t\t<\/div>\n\t\t\t\t<\/div>\n\t\t","protected":false},"excerpt":{"rendered":"<p>Transport and hygiene are closely linked from the standpoint of passenger safety and comfort especially in high-traffic locations such as airports and railway\/bus stations. Adhering to hygiene standards is crucial for preventing the transmission of respiratory and other diseases, while also ensuring a positive experience for travelers. Transport and Passengers\u2019 Personal Hygiene Airports and railway\/bus [&hellip;]<\/p>\n","protected":false},"author":1,"featured_media":21478,"parent":20219,"menu_order":0,"comment_status":"closed","ping_status":"closed","template":"","meta":{"inline_featured_image":false,"footnotes":""},"class_list":["post-20263","page","type-page","status-publish","has-post-thumbnail","hentry"],"yoast_head":"<!-- This site is optimized with the Yoast SEO plugin v26.1.1 - https:\/\/yoast.com\/wordpress\/plugins\/seo\/ -->\n<title>Transportation || LUU<\/title>\n<meta name=\"description\" content=\"Transportation - Traffic and hygiene are closely connected from the perspective of passenger safety and comfort, especially in high...\" \/>\n<meta name=\"robots\" content=\"index, follow, max-snippet:-1, max-image-preview:large, max-video-preview:-1\" \/>\n<link rel=\"canonical\" href=\"https:\/\/luu.rs\/en\/areas-of-use\/transportation\/\" \/>\n<meta property=\"og:locale\" content=\"en_US\" \/>\n<meta property=\"og:type\" content=\"article\" \/>\n<meta property=\"og:title\" content=\"Transportation || LUU\" \/>\n<meta property=\"og:description\" content=\"Transportation - Traffic and hygiene are closely connected from the perspective of passenger safety and comfort, especially in high...\" \/>\n<meta property=\"og:url\" content=\"https:\/\/luu.rs\/en\/areas-of-use\/transportation\/\" \/>\n<meta property=\"og:site_name\" content=\"Luu\" \/>\n<meta property=\"article:publisher\" content=\"https:\/\/www.facebook.com\/people\/Luu\/61573057270798\/\" \/>\n<meta property=\"article:modified_time\" content=\"2025-11-05T00:35:39+00:00\" \/>\n<meta property=\"og:image\" content=\"https:\/\/luu.rs\/en\/wp-content\/uploads\/2025\/03\/Saobracaj.jpg\" \/>\n\t<meta property=\"og:image:width\" content=\"1000\" \/>\n\t<meta property=\"og:image:height\" content=\"667\" \/>\n\t<meta property=\"og:image:type\" content=\"image\/jpeg\" \/>\n<meta name=\"twitter:card\" content=\"summary_large_image\" \/>\n<meta name=\"twitter:label1\" content=\"Est. reading time\" \/>\n\t<meta name=\"twitter:data1\" content=\"3 minutes\" \/>\n<!-- \/ Yoast SEO plugin. -->","yoast_head_json":{"title":"Transportation || LUU","description":"Transportation - Traffic and hygiene are closely connected from the perspective of passenger safety and comfort, especially in high...","robots":{"index":"index","follow":"follow","max-snippet":"max-snippet:-1","max-image-preview":"max-image-preview:large","max-video-preview":"max-video-preview:-1"},"canonical":"https:\/\/luu.rs\/en\/areas-of-use\/transportation\/","og_locale":"en_US","og_type":"article","og_title":"Transportation || LUU","og_description":"Transportation - Traffic and hygiene are closely connected from the perspective of passenger safety and comfort, especially in high...","og_url":"https:\/\/luu.rs\/en\/areas-of-use\/transportation\/","og_site_name":"Luu","article_publisher":"https:\/\/www.facebook.com\/people\/Luu\/61573057270798\/","article_modified_time":"2025-11-05T00:35:39+00:00","og_image":[{"width":1000,"height":667,"url":"https:\/\/luu.rs\/en\/wp-content\/uploads\/2025\/03\/Saobracaj.jpg","type":"image\/jpeg"}],"twitter_card":"summary_large_image","twitter_misc":{"Est. reading time":"3 minutes"},"schema":{"@context":"https:\/\/schema.org","@graph":[{"@type":"WebPage","@id":"https:\/\/luu.rs\/en\/areas-of-use\/transportation\/","url":"https:\/\/luu.rs\/en\/areas-of-use\/transportation\/","name":"Transportation || LUU","isPartOf":{"@id":"https:\/\/luu.rs\/en\/#website"},"primaryImageOfPage":{"@id":"https:\/\/luu.rs\/en\/areas-of-use\/transportation\/#primaryimage"},"image":{"@id":"https:\/\/luu.rs\/en\/areas-of-use\/transportation\/#primaryimage"},"thumbnailUrl":"https:\/\/luu.rs\/en\/wp-content\/uploads\/2025\/03\/Saobracaj.jpg","datePublished":"2024-11-04T18:21:32+00:00","dateModified":"2025-11-05T00:35:39+00:00","description":"Transportation - Traffic and hygiene are closely connected from the perspective of passenger safety and comfort, especially in high...","breadcrumb":{"@id":"https:\/\/luu.rs\/en\/areas-of-use\/transportation\/#breadcrumb"},"inLanguage":"en-US","potentialAction":[{"@type":"ReadAction","target":["https:\/\/luu.rs\/en\/areas-of-use\/transportation\/"]}]},{"@type":"ImageObject","inLanguage":"en-US","@id":"https:\/\/luu.rs\/en\/areas-of-use\/transportation\/#primaryimage","url":"https:\/\/luu.rs\/en\/wp-content\/uploads\/2025\/03\/Saobracaj.jpg","contentUrl":"https:\/\/luu.rs\/en\/wp-content\/uploads\/2025\/03\/Saobracaj.jpg","width":1000,"height":667,"caption":"Transportation and hygiene are closely linked in terms of passenger safety at airports and train\/bus stations."},{"@type":"BreadcrumbList","@id":"https:\/\/luu.rs\/en\/areas-of-use\/transportation\/#breadcrumb","itemListElement":[{"@type":"ListItem","position":1,"name":"Home","item":"https:\/\/luu.rs\/en\/"},{"@type":"ListItem","position":2,"name":"Areas of use","item":"https:\/\/luu.rs\/en\/areas-of-use\/"},{"@type":"ListItem","position":3,"name":"Transportation"}]},{"@type":"WebSite","@id":"https:\/\/luu.rs\/en\/#website","url":"https:\/\/luu.rs\/en\/","name":"Luu","description":"Wipes and toilet roll dispensers","publisher":{"@id":"https:\/\/luu.rs\/en\/#organization"},"alternateName":"Ubrusi i kasete za toalete","potentialAction":[{"@type":"SearchAction","target":{"@type":"EntryPoint","urlTemplate":"https:\/\/luu.rs\/en\/?s={search_term_string}"},"query-input":{"@type":"PropertyValueSpecification","valueRequired":true,"valueName":"search_term_string"}}],"inLanguage":"en-US"},{"@type":"Organization","@id":"https:\/\/luu.rs\/en\/#organization","name":"Luu","alternateName":"Ubrusi i kasete za toalete","url":"https:\/\/luu.rs\/en\/","logo":{"@type":"ImageObject","inLanguage":"en-US","@id":"https:\/\/luu.rs\/en\/#\/schema\/logo\/image\/","url":"https:\/\/luu.rs\/en\/wp-content\/uploads\/2024\/10\/LOGO-sajt-i-mreze.png","contentUrl":"https:\/\/luu.rs\/en\/wp-content\/uploads\/2024\/10\/LOGO-sajt-i-mreze.png","width":306,"height":555,"caption":"Luu"},"image":{"@id":"https:\/\/luu.rs\/en\/#\/schema\/logo\/image\/"},"sameAs":["https:\/\/www.facebook.com\/people\/Luu\/61573057270798\/","https:\/\/www.instagram.com\/luu_papirna_konfekcija\/"]}]}},"_links":{"self":[{"href":"https:\/\/luu.rs\/en\/wp-json\/wp\/v2\/pages\/20263","targetHints":{"allow":["GET"]}}],"collection":[{"href":"https:\/\/luu.rs\/en\/wp-json\/wp\/v2\/pages"}],"about":[{"href":"https:\/\/luu.rs\/en\/wp-json\/wp\/v2\/types\/page"}],"author":[{"embeddable":true,"href":"https:\/\/luu.rs\/en\/wp-json\/wp\/v2\/users\/1"}],"replies":[{"embeddable":true,"href":"https:\/\/luu.rs\/en\/wp-json\/wp\/v2\/comments?post=20263"}],"version-history":[{"count":20,"href":"https:\/\/luu.rs\/en\/wp-json\/wp\/v2\/pages\/20263\/revisions"}],"predecessor-version":[{"id":22156,"href":"https:\/\/luu.rs\/en\/wp-json\/wp\/v2\/pages\/20263\/revisions\/22156"}],"up":[{"embeddable":true,"href":"https:\/\/luu.rs\/en\/wp-json\/wp\/v2\/pages\/20219"}],"wp:featuredmedia":[{"embeddable":true,"href":"https:\/\/luu.rs\/en\/wp-json\/wp\/v2\/media\/21478"}],"wp:attachment":[{"href":"https:\/\/luu.rs\/en\/wp-json\/wp\/v2\/media?parent=20263"}],"curies":[{"name":"wp","href":"https:\/\/api.w.org\/{rel}","templated":true}]}}