{"id":20281,"date":"2024-11-04T18:24:49","date_gmt":"2024-11-04T18:24:49","guid":{"rendered":"http:\/\/luu.rs\/?page_id=20281"},"modified":"2025-11-05T01:47:39","modified_gmt":"2025-11-05T00:47:39","slug":"residential-complexes","status":"publish","type":"page","link":"https:\/\/luu.rs\/en\/areas-of-use\/residential-complexes\/","title":{"rendered":"Residential complexes"},"content":{"rendered":"\t\t<div data-elementor-type=\"wp-page\" data-elementor-id=\"20281\" class=\"elementor elementor-20281\" data-elementor-post-type=\"page\">\n\t\t\t\t<div class=\"elementor-element elementor-element-7431e1b e-flex e-con-boxed e-con e-parent\" data-id=\"7431e1b\" data-element_type=\"container\">\n\t\t\t\t\t<div class=\"e-con-inner\">\n\t\t<div class=\"elementor-element elementor-element-727ee91 e-con-full e-flex e-con e-child\" data-id=\"727ee91\" data-element_type=\"container\">\n\t\t\t\t<div class=\"elementor-element elementor-element-884ab70 elementor-widget elementor-widget-text-editor\" data-id=\"884ab70\" data-element_type=\"widget\" data-widget_type=\"text-editor.default\">\n\t\t\t\t<div class=\"elementor-widget-container\">\n\t\t\t\t\t\t\t\t\t<p>Residential complexes occupy a prominent place in today\u2019s urban landscape, and the outfitting of bathrooms and restrooms plays a key role in creating spaces that are both functional and aesthetically appealing.<\/p><p>That\u2019s why architects pay special attention to this aspect.<\/p><h2>Residential Complexes Come to Life with Modern Restroom Accessories<\/h2><p>No living space can function without a fully equipped bathroom and\/or restroom.<\/p><p>Accordingly, in contemporary buildings, architects design bathrooms with a special emphasis on comfort and elegance. In this sense, outfitting apartment and house restrooms is viewed through the lens of introducing practical accessories that make everyday use easier.<\/p><p>Dispensers for liquid soap and sanitizers have become standard in modern city bathrooms. They make it easy for users to maintain personal hygiene while reducing consumption and waste.<\/p><p>LUU wall mounted dispensers for liquid and foam soap come in attractive variations of Italian design and fit seamlessly into a variety of bathroom styles.<\/p><p>In addition, toilet paper dispensers both roll and sheet offer a practical solution for supplying sanitary paper. Installing paper-towel dispensers is also important, as they enable quick and efficient <a href=\"https:\/\/invekta.rs\/en\/maintaining-hygiene\/\">hygiene<\/a> maintenance especially in larger households with busy schedules and limited time.<\/p><p>Wall-mounted toilet brushes and waste bins (which can also be wall mounted) are often chosen for practicality, design, and materials that simplify upkeep. Functional solutions provide simple, reliable mechanisms for waste removal. The wall mounted brushes come in elegant styles and a range of colors that complement the interiors of contemporary residential units.<\/p><p>Professional air freshener dispensers with atomizers can turn any bathroom into an aromatic, spa-like oasis that invites rest, relaxation, and enjoyment.<\/p><p>All of these restroom accessories in residential complexes help create spaces that not only meet basic needs, but also add value to everyday living.<\/p><p>Residential complexes and individual homeowners exist in a dynamic relationship within the modern urban environment one that is enhanced by contemporary bathroom accessories.<\/p><p><img fetchpriority=\"high\" decoding=\"async\" class=\"alignnone size-full wp-image-21485\" src=\"https:\/\/luu.rs\/wp-content\/uploads\/2025\/03\/Stambeni-kompleksi.jpg\" alt=\"Stambeni kompleksi i fizi\u010dka lica su u savremenom urbanom okru\u017eenju u dinami\u010dnom odnosu, koji se upotpunjuje modernim kupatilskim dodacima.\" width=\"1000\" height=\"667\" srcset=\"https:\/\/luu.rs\/en\/wp-content\/uploads\/2025\/03\/Stambeni-kompleksi.jpg 1000w, https:\/\/luu.rs\/en\/wp-content\/uploads\/2025\/03\/Stambeni-kompleksi-500x334.jpg 500w, https:\/\/luu.rs\/en\/wp-content\/uploads\/2025\/03\/Stambeni-kompleksi-800x534.jpg 800w, https:\/\/luu.rs\/en\/wp-content\/uploads\/2025\/03\/Stambeni-kompleksi-300x200.jpg 300w, https:\/\/luu.rs\/en\/wp-content\/uploads\/2025\/03\/Stambeni-kompleksi-768x512.jpg 768w, https:\/\/luu.rs\/en\/wp-content\/uploads\/2025\/03\/Stambeni-kompleksi-18x12.jpg 18w\" sizes=\"(max-width: 1000px) 100vw, 1000px\" \/><\/p><h2>LUU Bathroom Accessories in the Light of Modern Living<\/h2><p>High quality <a href=\"https:\/\/luu.rs\/en\/shop\/\">LUU equipment<\/a> is designed, engineered, and fully manufactured in Italy, guaranteeing elegant looks, top quality, and long-lasting use.<\/p><p>Carefully selected sanitary accessories allow residents to enjoy modern, highly functional bathrooms deepening their connection with home:<\/p><ul><li>paper towel dispensers (C\/Z-fold, roll, center-pull, autocut\/self-cutting);<\/li><li>toilet paper dispensers (sheets, rolls);<\/li><li>hand-hygiene dispensers (liquid soap, foam soap, sanitizing liquids and gels);<\/li><li>DUO units for paper towels and liquid soap;<\/li><li>holders for paper toilet-seat covers;<\/li><li>toilet brushes;<\/li><li>waste bins;<\/li><li>air fresheners.<\/li><\/ul><p>A focus on hygiene and detail not only enhances comfort, but also strengthens the community through a shared sense of care for the living environment. By improving overall quality of life, residential complexes and their residents build a kind of existential and social symbiosis.<\/p>\t\t\t\t\t\t\t\t<\/div>\n\t\t\t\t<\/div>\n\t\t\t\t<\/div>\n\t\t<div class=\"elementor-element elementor-element-dae801b e-con-full e-flex e-con e-child\" data-id=\"dae801b\" data-element_type=\"container\">\n\t\t\t\t<div class=\"elementor-element elementor-element-728908a elementor-widget elementor-widget-sidebar\" data-id=\"728908a\" data-element_type=\"widget\" data-widget_type=\"sidebar.default\">\n\t\t\t\t<div class=\"elementor-widget-container\">\n\t\t\t\t\t<div id=\"text-2\" class=\"widget widget_text\"><span class=\"gamma widget-title\">Areas of use<\/span><div class=\"widget-content\">\t\t\t<div class=\"textwidget\"><ul>\n<li><a href=\"https:\/\/luu.rs\/en\/areas-of-use\/hospitality\/\">Hospitality<\/a><\/li>\n<li><a href=\"https:\/\/luu.rs\/en\/areas-of-use\/business\/\">Business<\/a><\/li>\n<li><a href=\"https:\/\/luu.rs\/en\/areas-of-use\/shopping-malls\/\">Shopping malls<\/a><\/li>\n<li><a href=\"https:\/\/luu.rs\/en\/areas-of-use\/geriatrics\/\">Geriatrics<\/a><\/li>\n<li><a href=\"https:\/\/luu.rs\/en\/areas-of-use\/industry\/\">Industry<\/a><\/li>\n<li><a href=\"https:\/\/luu.rs\/en\/areas-of-use\/public-spaces\/\">Public spaces<\/a><\/li>\n<li><a href=\"https:\/\/luu.rs\/en\/areas-of-use\/medicine\/\">Medicine<\/a><\/li>\n<li><a href=\"https:\/\/luu.rs\/en\/areas-of-use\/transportation\/\">Transportation<\/a><\/li>\n<li><a href=\"https:\/\/luu.rs\/en\/areas-of-use\/education\/\">Education<\/a><\/li>\n<li><a href=\"https:\/\/luu.rs\/en\/areas-of-use\/sports-and-recreation\/\">Sports and recreation<\/a><\/li>\n<li><a href=\"https:\/\/luu.rs\/en\/areas-of-use\/residential-complexes\/\">Residential complexes<\/a><\/li>\n<\/ul>\n<p>&nbsp;<\/p>\n<\/div>\n\t\t<\/div><\/div><div id=\"block-7\" class=\"widget widget_block\">\t\t<div data-elementor-type=\"section\" data-elementor-id=\"1885\" class=\"elementor elementor-1885\" data-elementor-post-type=\"elementor_library\">\n\t\t\t<div class=\"elementor-element elementor-element-3fb2fd3 e-flex e-con-boxed e-con e-parent\" data-id=\"3fb2fd3\" data-element_type=\"container\">\n\t\t\t\t\t<div class=\"e-con-inner\">\n\t\t<div class=\"elementor-element elementor-element-0c9d8b4 e-flex e-con-boxed e-con e-child\" data-id=\"0c9d8b4\" data-element_type=\"container\" data-settings=\"{&quot;background_background&quot;:&quot;classic&quot;}\">\n\t\t\t\t\t<div class=\"e-con-inner\">\n\t\t\t\t<div class=\"elementor-element elementor-element-c29be3f elementor-widget__width-auto elementor-widget elementor-widget-site-logo\" data-id=\"c29be3f\" data-element_type=\"widget\" data-settings=\"{&quot;align&quot;:&quot;center&quot;,&quot;width&quot;:{&quot;unit&quot;:&quot;%&quot;,&quot;size&quot;:&quot;&quot;,&quot;sizes&quot;:[]},&quot;width_laptop&quot;:{&quot;unit&quot;:&quot;px&quot;,&quot;size&quot;:&quot;&quot;,&quot;sizes&quot;:[]},&quot;width_tablet_extra&quot;:{&quot;unit&quot;:&quot;px&quot;,&quot;size&quot;:&quot;&quot;,&quot;sizes&quot;:[]},&quot;width_tablet&quot;:{&quot;unit&quot;:&quot;%&quot;,&quot;size&quot;:&quot;&quot;,&quot;sizes&quot;:[]},&quot;width_mobile_extra&quot;:{&quot;unit&quot;:&quot;px&quot;,&quot;size&quot;:&quot;&quot;,&quot;sizes&quot;:[]},&quot;width_mobile&quot;:{&quot;unit&quot;:&quot;%&quot;,&quot;size&quot;:&quot;&quot;,&quot;sizes&quot;:[]},&quot;space&quot;:{&quot;unit&quot;:&quot;%&quot;,&quot;size&quot;:&quot;&quot;,&quot;sizes&quot;:[]},&quot;space_laptop&quot;:{&quot;unit&quot;:&quot;px&quot;,&quot;size&quot;:&quot;&quot;,&quot;sizes&quot;:[]},&quot;space_tablet_extra&quot;:{&quot;unit&quot;:&quot;px&quot;,&quot;size&quot;:&quot;&quot;,&quot;sizes&quot;:[]},&quot;space_tablet&quot;:{&quot;unit&quot;:&quot;%&quot;,&quot;size&quot;:&quot;&quot;,&quot;sizes&quot;:[]},&quot;space_mobile_extra&quot;:{&quot;unit&quot;:&quot;px&quot;,&quot;size&quot;:&quot;&quot;,&quot;sizes&quot;:[]},&quot;space_mobile&quot;:{&quot;unit&quot;:&quot;%&quot;,&quot;size&quot;:&quot;&quot;,&quot;sizes&quot;:[]},&quot;image_border_radius&quot;:{&quot;unit&quot;:&quot;px&quot;,&quot;top&quot;:&quot;&quot;,&quot;right&quot;:&quot;&quot;,&quot;bottom&quot;:&quot;&quot;,&quot;left&quot;:&quot;&quot;,&quot;isLinked&quot;:true},&quot;image_border_radius_laptop&quot;:{&quot;unit&quot;:&quot;px&quot;,&quot;top&quot;:&quot;&quot;,&quot;right&quot;:&quot;&quot;,&quot;bottom&quot;:&quot;&quot;,&quot;left&quot;:&quot;&quot;,&quot;isLinked&quot;:true},&quot;image_border_radius_tablet_extra&quot;:{&quot;unit&quot;:&quot;px&quot;,&quot;top&quot;:&quot;&quot;,&quot;right&quot;:&quot;&quot;,&quot;bottom&quot;:&quot;&quot;,&quot;left&quot;:&quot;&quot;,&quot;isLinked&quot;:true},&quot;image_border_radius_tablet&quot;:{&quot;unit&quot;:&quot;px&quot;,&quot;top&quot;:&quot;&quot;,&quot;right&quot;:&quot;&quot;,&quot;bottom&quot;:&quot;&quot;,&quot;left&quot;:&quot;&quot;,&quot;isLinked&quot;:true},&quot;image_border_radius_mobile_extra&quot;:{&quot;unit&quot;:&quot;px&quot;,&quot;top&quot;:&quot;&quot;,&quot;right&quot;:&quot;&quot;,&quot;bottom&quot;:&quot;&quot;,&quot;left&quot;:&quot;&quot;,&quot;isLinked&quot;:true},&quot;image_border_radius_mobile&quot;:{&quot;unit&quot;:&quot;px&quot;,&quot;top&quot;:&quot;&quot;,&quot;right&quot;:&quot;&quot;,&quot;bottom&quot;:&quot;&quot;,&quot;left&quot;:&quot;&quot;,&quot;isLinked&quot;:true},&quot;caption_padding&quot;:{&quot;unit&quot;:&quot;px&quot;,&quot;top&quot;:&quot;&quot;,&quot;right&quot;:&quot;&quot;,&quot;bottom&quot;:&quot;&quot;,&quot;left&quot;:&quot;&quot;,&quot;isLinked&quot;:true},&quot;caption_padding_laptop&quot;:{&quot;unit&quot;:&quot;px&quot;,&quot;top&quot;:&quot;&quot;,&quot;right&quot;:&quot;&quot;,&quot;bottom&quot;:&quot;&quot;,&quot;left&quot;:&quot;&quot;,&quot;isLinked&quot;:true},&quot;caption_padding_tablet_extra&quot;:{&quot;unit&quot;:&quot;px&quot;,&quot;top&quot;:&quot;&quot;,&quot;right&quot;:&quot;&quot;,&quot;bottom&quot;:&quot;&quot;,&quot;left&quot;:&quot;&quot;,&quot;isLinked&quot;:true},&quot;caption_padding_tablet&quot;:{&quot;unit&quot;:&quot;px&quot;,&quot;top&quot;:&quot;&quot;,&quot;right&quot;:&quot;&quot;,&quot;bottom&quot;:&quot;&quot;,&quot;left&quot;:&quot;&quot;,&quot;isLinked&quot;:true},&quot;caption_padding_mobile_extra&quot;:{&quot;unit&quot;:&quot;px&quot;,&quot;top&quot;:&quot;&quot;,&quot;right&quot;:&quot;&quot;,&quot;bottom&quot;:&quot;&quot;,&quot;left&quot;:&quot;&quot;,&quot;isLinked&quot;:true},&quot;caption_padding_mobile&quot;:{&quot;unit&quot;:&quot;px&quot;,&quot;top&quot;:&quot;&quot;,&quot;right&quot;:&quot;&quot;,&quot;bottom&quot;:&quot;&quot;,&quot;left&quot;:&quot;&quot;,&quot;isLinked&quot;:true},&quot;caption_space&quot;:{&quot;unit&quot;:&quot;px&quot;,&quot;size&quot;:0,&quot;sizes&quot;:[]},&quot;caption_space_laptop&quot;:{&quot;unit&quot;:&quot;px&quot;,&quot;size&quot;:&quot;&quot;,&quot;sizes&quot;:[]},&quot;caption_space_tablet_extra&quot;:{&quot;unit&quot;:&quot;px&quot;,&quot;size&quot;:&quot;&quot;,&quot;sizes&quot;:[]},&quot;caption_space_tablet&quot;:{&quot;unit&quot;:&quot;px&quot;,&quot;size&quot;:&quot;&quot;,&quot;sizes&quot;:[]},&quot;caption_space_mobile_extra&quot;:{&quot;unit&quot;:&quot;px&quot;,&quot;size&quot;:&quot;&quot;,&quot;sizes&quot;:[]},&quot;caption_space_mobile&quot;:{&quot;unit&quot;:&quot;px&quot;,&quot;size&quot;:&quot;&quot;,&quot;sizes&quot;:[]}}\" data-widget_type=\"site-logo.default\">\n\t\t\t\t<div class=\"elementor-widget-container\">\n\t\t\t\t\t\t\t<div class=\"hfe-site-logo\">\n\t\t\t\t\t\t\t\t\t\t\t\t\t<a data-elementor-open-lightbox=\"\"  class='elementor-clickable' href=\"https:\/\/luu.rs\/en\">\n\t\t\t\t\t\t\t<div class=\"hfe-site-logo-set\">           \n\t\t\t\t<div class=\"hfe-site-logo-container\">\n\t\t\t\t\t\t\t\t\t<img decoding=\"async\" class=\"hfe-site-logo-img elementor-animation-\"  src=\"https:\/\/luu.rs\/en\/wp-content\/uploads\/2023\/03\/Logo-Luu.png\" alt=\"Logo Luu\"\/>\n\t\t\t\t<\/div>\n\t\t\t<\/div>\n\t\t\t\t\t\t\t<\/a>\n\t\t\t\t\t\t<\/div>  \n\t\t\t\t\t\t\t<\/div>\n\t\t\t\t<\/div>\n\t\t<div class=\"elementor-element elementor-element-7df416d e-flex e-con-boxed e-con e-child\" data-id=\"7df416d\" data-element_type=\"container\">\n\t\t\t\t\t<div class=\"e-con-inner\">\n\t\t\t\t<div class=\"elementor-element elementor-element-488e467 elementor-widget elementor-widget-text-editor\" data-id=\"488e467\" data-element_type=\"widget\" data-widget_type=\"text-editor.default\">\n\t\t\t\t<div class=\"elementor-widget-container\">\n\t\t\t\t\t\t\t\t\t<p>Call us<\/p>\t\t\t\t\t\t\t\t<\/div>\n\t\t\t\t<\/div>\n\t\t\t\t<div class=\"elementor-element elementor-element-d1d9c1d elementor-widget elementor-widget-text-editor\" data-id=\"d1d9c1d\" data-element_type=\"widget\" data-widget_type=\"text-editor.default\">\n\t\t\t\t<div class=\"elementor-widget-container\">\n\t\t\t\t\t\t\t\t\t<p><span style=\"color: #ffffff;\"><a style=\"color: #ffffff;\" href=\"tel:+381668118382\">+381 66 811 83 82<\/a><\/span><\/p>\t\t\t\t\t\t\t\t<\/div>\n\t\t\t\t<\/div>\n\t\t\t\t<div class=\"elementor-element elementor-element-8bd0541 elementor-align-center elementor-button-default elementor-widget elementor-widget-button\" data-id=\"8bd0541\" data-element_type=\"widget\" data-widget_type=\"button.default\">\n\t\t\t\t<div class=\"elementor-widget-container\">\n\t\t\t\t\t\t\t\t\t<div class=\"elementor-button-wrapper\">\n\t\t\t\t\t<a class=\"elementor-button elementor-button-link elementor-size-sm\" href=\"https:\/\/luu.rs\/en\/shop\/\">\n\t\t\t\t\t\t<span class=\"elementor-button-content-wrapper\">\n\t\t\t\t\t\t<span class=\"elementor-button-icon\">\n\t\t\t\t<i aria-hidden=\"true\" class=\"hnice-icon- hnice-icon-right-arrow\"><\/i>\t\t\t<\/span>\n\t\t\t\t\t\t\t\t\t<span class=\"elementor-button-text\">Products <\/span>\n\t\t\t\t\t<\/span>\n\t\t\t\t\t<\/a>\n\t\t\t\t<\/div>\n\t\t\t\t\t\t\t\t<\/div>\n\t\t\t\t<\/div>\n\t\t\t\t\t<\/div>\n\t\t\t\t<\/div>\n\t\t\t\t\t<\/div>\n\t\t\t\t<\/div>\n\t\t\t\t\t<\/div>\n\t\t\t\t<\/div>\n\t\t\t\t<\/div>\n\t\t<\/div>\t\t\t\t<\/div>\n\t\t\t\t<\/div>\n\t\t\t\t<\/div>\n\t\t\t\t\t<\/div>\n\t\t\t\t<\/div>\n\t\t\t\t<\/div>\n\t\t","protected":false},"excerpt":{"rendered":"<p>Residential complexes occupy a prominent place in today\u2019s urban landscape, and the outfitting of bathrooms and restrooms plays a key role in creating spaces that are both functional and aesthetically appealing. That\u2019s why architects pay special attention to this aspect. Residential Complexes Come to Life with Modern Restroom Accessories No living space can function without [&hellip;]<\/p>\n","protected":false},"author":1,"featured_media":21485,"parent":20219,"menu_order":0,"comment_status":"closed","ping_status":"closed","template":"","meta":{"inline_featured_image":false,"footnotes":""},"class_list":["post-20281","page","type-page","status-publish","has-post-thumbnail","hentry"],"yoast_head":"<!-- This site is optimized with the Yoast SEO plugin v26.1.1 - https:\/\/yoast.com\/wordpress\/plugins\/seo\/ -->\n<title>Residential complexes || LUU<\/title>\n<meta name=\"description\" content=\"Residential complexes hold a significant place in modern urban environments. And the furnishing of bathrooms and toilets plays a key role...\" \/>\n<meta name=\"robots\" content=\"index, follow, max-snippet:-1, max-image-preview:large, max-video-preview:-1\" \/>\n<link rel=\"canonical\" href=\"https:\/\/luu.rs\/en\/areas-of-use\/residential-complexes\/\" \/>\n<meta property=\"og:locale\" content=\"en_US\" \/>\n<meta property=\"og:type\" content=\"article\" \/>\n<meta property=\"og:title\" content=\"Residential complexes || LUU\" \/>\n<meta property=\"og:description\" content=\"Residential complexes hold a significant place in modern urban environments. And the furnishing of bathrooms and toilets plays a key role...\" \/>\n<meta property=\"og:url\" content=\"https:\/\/luu.rs\/en\/areas-of-use\/residential-complexes\/\" \/>\n<meta property=\"og:site_name\" content=\"Luu\" \/>\n<meta property=\"article:publisher\" content=\"https:\/\/www.facebook.com\/people\/Luu\/61573057270798\/\" \/>\n<meta property=\"article:modified_time\" content=\"2025-11-05T00:47:39+00:00\" \/>\n<meta property=\"og:image\" content=\"https:\/\/luu.rs\/en\/wp-content\/uploads\/2025\/03\/Stambeni-kompleksi.jpg\" \/>\n\t<meta property=\"og:image:width\" content=\"1000\" \/>\n\t<meta property=\"og:image:height\" content=\"667\" \/>\n\t<meta property=\"og:image:type\" content=\"image\/jpeg\" \/>\n<meta name=\"twitter:card\" content=\"summary_large_image\" \/>\n<meta name=\"twitter:label1\" content=\"Est. reading time\" \/>\n\t<meta name=\"twitter:data1\" content=\"3 minutes\" \/>\n<!-- \/ Yoast SEO plugin. -->","yoast_head_json":{"title":"Residential complexes || LUU","description":"Residential complexes hold a significant place in modern urban environments. And the furnishing of bathrooms and toilets plays a key role...","robots":{"index":"index","follow":"follow","max-snippet":"max-snippet:-1","max-image-preview":"max-image-preview:large","max-video-preview":"max-video-preview:-1"},"canonical":"https:\/\/luu.rs\/en\/areas-of-use\/residential-complexes\/","og_locale":"en_US","og_type":"article","og_title":"Residential complexes || LUU","og_description":"Residential complexes hold a significant place in modern urban environments. And the furnishing of bathrooms and toilets plays a key role...","og_url":"https:\/\/luu.rs\/en\/areas-of-use\/residential-complexes\/","og_site_name":"Luu","article_publisher":"https:\/\/www.facebook.com\/people\/Luu\/61573057270798\/","article_modified_time":"2025-11-05T00:47:39+00:00","og_image":[{"width":1000,"height":667,"url":"https:\/\/luu.rs\/en\/wp-content\/uploads\/2025\/03\/Stambeni-kompleksi.jpg","type":"image\/jpeg"}],"twitter_card":"summary_large_image","twitter_misc":{"Est. reading time":"3 minutes"},"schema":{"@context":"https:\/\/schema.org","@graph":[{"@type":"WebPage","@id":"https:\/\/luu.rs\/en\/areas-of-use\/residential-complexes\/","url":"https:\/\/luu.rs\/en\/areas-of-use\/residential-complexes\/","name":"Residential complexes || LUU","isPartOf":{"@id":"https:\/\/luu.rs\/en\/#website"},"primaryImageOfPage":{"@id":"https:\/\/luu.rs\/en\/areas-of-use\/residential-complexes\/#primaryimage"},"image":{"@id":"https:\/\/luu.rs\/en\/areas-of-use\/residential-complexes\/#primaryimage"},"thumbnailUrl":"https:\/\/luu.rs\/en\/wp-content\/uploads\/2025\/03\/Stambeni-kompleksi.jpg","datePublished":"2024-11-04T18:24:49+00:00","dateModified":"2025-11-05T00:47:39+00:00","description":"Residential complexes hold a significant place in modern urban environments. And the furnishing of bathrooms and toilets plays a key role...","breadcrumb":{"@id":"https:\/\/luu.rs\/en\/areas-of-use\/residential-complexes\/#breadcrumb"},"inLanguage":"en-US","potentialAction":[{"@type":"ReadAction","target":["https:\/\/luu.rs\/en\/areas-of-use\/residential-complexes\/"]}]},{"@type":"ImageObject","inLanguage":"en-US","@id":"https:\/\/luu.rs\/en\/areas-of-use\/residential-complexes\/#primaryimage","url":"https:\/\/luu.rs\/en\/wp-content\/uploads\/2025\/03\/Stambeni-kompleksi.jpg","contentUrl":"https:\/\/luu.rs\/en\/wp-content\/uploads\/2025\/03\/Stambeni-kompleksi.jpg","width":1000,"height":667,"caption":"Residential complexes and individuals are in a dynamic relationship in the modern urban environment, complemented by modern bathroom accessories."},{"@type":"BreadcrumbList","@id":"https:\/\/luu.rs\/en\/areas-of-use\/residential-complexes\/#breadcrumb","itemListElement":[{"@type":"ListItem","position":1,"name":"Home","item":"https:\/\/luu.rs\/en\/"},{"@type":"ListItem","position":2,"name":"Areas of use","item":"https:\/\/luu.rs\/en\/areas-of-use\/"},{"@type":"ListItem","position":3,"name":"Residential complexes"}]},{"@type":"WebSite","@id":"https:\/\/luu.rs\/en\/#website","url":"https:\/\/luu.rs\/en\/","name":"Luu","description":"Wipes and toilet roll dispensers","publisher":{"@id":"https:\/\/luu.rs\/en\/#organization"},"alternateName":"Ubrusi i kasete za toalete","potentialAction":[{"@type":"SearchAction","target":{"@type":"EntryPoint","urlTemplate":"https:\/\/luu.rs\/en\/?s={search_term_string}"},"query-input":{"@type":"PropertyValueSpecification","valueRequired":true,"valueName":"search_term_string"}}],"inLanguage":"en-US"},{"@type":"Organization","@id":"https:\/\/luu.rs\/en\/#organization","name":"Luu","alternateName":"Ubrusi i kasete za toalete","url":"https:\/\/luu.rs\/en\/","logo":{"@type":"ImageObject","inLanguage":"en-US","@id":"https:\/\/luu.rs\/en\/#\/schema\/logo\/image\/","url":"https:\/\/luu.rs\/en\/wp-content\/uploads\/2024\/10\/LOGO-sajt-i-mreze.png","contentUrl":"https:\/\/luu.rs\/en\/wp-content\/uploads\/2024\/10\/LOGO-sajt-i-mreze.png","width":306,"height":555,"caption":"Luu"},"image":{"@id":"https:\/\/luu.rs\/en\/#\/schema\/logo\/image\/"},"sameAs":["https:\/\/www.facebook.com\/people\/Luu\/61573057270798\/","https:\/\/www.instagram.com\/luu_papirna_konfekcija\/"]}]}},"_links":{"self":[{"href":"https:\/\/luu.rs\/en\/wp-json\/wp\/v2\/pages\/20281","targetHints":{"allow":["GET"]}}],"collection":[{"href":"https:\/\/luu.rs\/en\/wp-json\/wp\/v2\/pages"}],"about":[{"href":"https:\/\/luu.rs\/en\/wp-json\/wp\/v2\/types\/page"}],"author":[{"embeddable":true,"href":"https:\/\/luu.rs\/en\/wp-json\/wp\/v2\/users\/1"}],"replies":[{"embeddable":true,"href":"https:\/\/luu.rs\/en\/wp-json\/wp\/v2\/comments?post=20281"}],"version-history":[{"count":38,"href":"https:\/\/luu.rs\/en\/wp-json\/wp\/v2\/pages\/20281\/revisions"}],"predecessor-version":[{"id":22168,"href":"https:\/\/luu.rs\/en\/wp-json\/wp\/v2\/pages\/20281\/revisions\/22168"}],"up":[{"embeddable":true,"href":"https:\/\/luu.rs\/en\/wp-json\/wp\/v2\/pages\/20219"}],"wp:featuredmedia":[{"embeddable":true,"href":"https:\/\/luu.rs\/en\/wp-json\/wp\/v2\/media\/21485"}],"wp:attachment":[{"href":"https:\/\/luu.rs\/en\/wp-json\/wp\/v2\/media?parent=20281"}],"curies":[{"name":"wp","href":"https:\/\/api.w.org\/{rel}","templated":true}]}}